{"id":100,"date":"2020-01-30T10:42:17","date_gmt":"2020-01-30T09:42:17","guid":{"rendered":"http:\/\/wd4u.fr\/?page_id=100"},"modified":"2025-12-09T16:34:41","modified_gmt":"2025-12-09T15:34:41","slug":"qui-sommes-nous","status":"publish","type":"page","link":"https:\/\/wd4u.fr\/?page_id=100","title":{"rendered":"Qui sommes nous?"},"content":{"rendered":"\n<p>Fond\u00e9e en 2020, WD4U r\u00e9unit des experts de haut niveau sp\u00e9cialis\u00e9s en m\u00e9trologie et en performance des r\u00e9seaux d\u2019entreprise. Notre mission : garantir la fiabilit\u00e9, la r\u00e9silience et l\u2019optimisation des infrastructures LAN et Wi-Fi en tenant compte des enjeux strat\u00e9giques, des usages critiques et des applications de demain.<br>Nous accompagnons les directions techniques, IT et m\u00e9tiers dans la d\u00e9finition de leurs besoins et la r\u00e9ussite de leurs projets les plus exigeants.<\/p>\n\n\n\n<h2 class=\"wp-block-heading\">Une expertise structurante au service de nos clients<\/h2>\n\n\n\n<p>WD4U propose une offre int\u00e9gr\u00e9e permettant d\u2019intervenir sur l\u2019ensemble du cycle de vie d\u2019un r\u00e9seau d\u2019entreprise. Nous collaborons avec les \u00e9diteurs et constructeurs leaders du march\u00e9 afin d\u2019assurer un niveau d\u2019expertise et d\u2019exigence adapt\u00e9 aux environnements complexes et multisites.<\/p>\n\n\n\n<p>Nos domaines d\u2019intervention couvrent :<\/p>\n\n\n\n<ul class=\"wp-block-list\">\n<li><strong>Conception<\/strong> d\u2019architectures LAN\/Wi-Fi haute performance<\/li>\n\n\n\n<li><strong>D\u00e9ploiement<\/strong> d\u2019infrastructures r\u00e9seau sur sites sensibles<\/li>\n\n\n\n<li><strong>Validation<\/strong> des performances et de la conformit\u00e9 aux SLA<\/li>\n\n\n\n<li><strong>Analyse avanc\u00e9e<\/strong> et diagnostics de performances<\/li>\n\n\n\n<li><strong>Expertise<\/strong> sur incidents, d\u00e9gradations ou probl\u00e9matiques critiques<\/li>\n\n\n\n<li><strong>Monitoring<\/strong> proactif des environnements r\u00e9seau<\/li>\n\n\n\n<li><strong>D\u00e9pannage<\/strong> et r\u00e9solution d\u2019incidents complexes<\/li>\n\n\n\n<li><strong>Optimisation &amp; migration<\/strong> vers des technologies de nouvelle g\u00e9n\u00e9ration<\/li>\n\n\n\n<li><strong>Formation<\/strong> sur les solutions de test, de mesure et d\u2019analyse<\/li>\n<\/ul>\n\n\n\n<h2 class=\"wp-block-heading\">Notre force<\/h2>\n\n\n\n<p>Reconnu par les principaux \u00e9diteurs de solutions r\u00e9seau et par de nombreux acteurs majeurs du march\u00e9, WD4U est un partenaire de confiance pour les organisations recherchant pr\u00e9cision, transparence et excellence op\u00e9rationnelle.<\/p>\n\n\n\n<p>\u00c0 propos du fondateur<\/p>\n\n\n\n<p><strong>Didier Saulais \u2013 Fondateur<\/strong><\/p>\n\n\n\n<p>Avec plus de 30 ans d\u2019exp\u00e9rience dans les r\u00e9seaux d\u2019entreprise, WD4U s\u2019appuie sur un savoir-faire construit au contact des premi\u00e8res g\u00e9n\u00e9rations de LAN et des d\u00e9ploiements Wi-Fi en France.<br>Notre ma\u00eetrise des outils de planification, d\u2019analyse et de surveillance, alli\u00e9e \u00e0 une compr\u00e9hension fine des environnements critiques, nous permet de s\u00e9curiser les projets les plus complexes et d\u2019instaurer des relations de partenariat sur le long terme avec nos clients et nos partenaires technologiques.<\/p>\n","protected":false},"excerpt":{"rendered":"<p>Fond\u00e9e en 2020, WD4U r\u00e9unit des experts de haut niveau sp\u00e9cialis\u00e9s en m\u00e9trologie et en performance des r\u00e9seaux d\u2019entreprise. Notre mission : garantir la fiabilit\u00e9, la r\u00e9silience et l\u2019optimisation des infrastructures LAN et Wi-Fi en tenant compte des enjeux strat\u00e9giques, des usages critiques et des applications de demain.Nous accompagnons les directions techniques, IT et m\u00e9tiers&hellip;&nbsp;<a href=\"https:\/\/wd4u.fr\/?page_id=100\" rel=\"bookmark\">Lire la suite &raquo;<span class=\"screen-reader-text\">Qui sommes nous?<\/span><\/a><\/p>\n","protected":false},"author":2,"featured_media":0,"parent":0,"menu_order":0,"comment_status":"closed","ping_status":"closed","template":"","meta":{"neve_meta_sidebar":"","neve_meta_container":"","neve_meta_enable_content_width":"","neve_meta_content_width":0,"neve_meta_title_alignment":"","neve_meta_author_avatar":"","neve_post_elements_order":"","neve_meta_disable_header":"","neve_meta_disable_footer":"","neve_meta_disable_title":"","footnotes":""},"class_list":["post-100","page","type-page","status-publish","hentry"],"_links":{"self":[{"href":"https:\/\/wd4u.fr\/index.php?rest_route=\/wp\/v2\/pages\/100","targetHints":{"allow":["GET"]}}],"collection":[{"href":"https:\/\/wd4u.fr\/index.php?rest_route=\/wp\/v2\/pages"}],"about":[{"href":"https:\/\/wd4u.fr\/index.php?rest_route=\/wp\/v2\/types\/page"}],"author":[{"embeddable":true,"href":"https:\/\/wd4u.fr\/index.php?rest_route=\/wp\/v2\/users\/2"}],"replies":[{"embeddable":true,"href":"https:\/\/wd4u.fr\/index.php?rest_route=%2Fwp%2Fv2%2Fcomments&post=100"}],"version-history":[{"count":13,"href":"https:\/\/wd4u.fr\/index.php?rest_route=\/wp\/v2\/pages\/100\/revisions"}],"predecessor-version":[{"id":1057,"href":"https:\/\/wd4u.fr\/index.php?rest_route=\/wp\/v2\/pages\/100\/revisions\/1057"}],"wp:attachment":[{"href":"https:\/\/wd4u.fr\/index.php?rest_route=%2Fwp%2Fv2%2Fmedia&parent=100"}],"curies":[{"name":"wp","href":"https:\/\/api.w.org\/{rel}","templated":true}]}}