{"id":183,"date":"2020-09-16T18:26:38","date_gmt":"2020-09-16T16:26:38","guid":{"rendered":"http:\/\/wd4u.fr\/?page_id=183"},"modified":"2023-08-22T09:14:26","modified_gmt":"2023-08-22T07:14:26","slug":"__trashed","status":"publish","type":"page","link":"https:\/\/wd4u.fr\/?page_id=183","title":{"rendered":"Contactez-nous"},"content":{"rendered":"\n<p class=\"has-text-align-center\"><a href=\"https:\/\/wd4u.freshdesk.com\/\">Support WD4U<\/a>  &#8211; <a rel=\"noreferrer noopener\" href=\"https:\/\/calendly.com\/didier-saulais\/30min?month=2022-03\" target=\"_blank\">30 Minute Meeting<\/a><\/p>\n\n\n\n<p>Pour une information, un rendez-vous afin d&rsquo;\u00e9tudier la meilleure solution r\u00e9pondant \u00e0 vos attentes.<\/p>\n\n\n<div class=\"wp-block-image\">\n<figure class=\"aligncenter size-large is-resized\"><img loading=\"lazy\" decoding=\"async\" src=\"https:\/\/wd4u.fr\/wp-content\/uploads\/2020\/09\/qr-code-VCARDE-DS-1024x1024.png\" alt=\"\" class=\"wp-image-296\" style=\"width:256px;height:256px\" width=\"256\" height=\"256\"\/><figcaption class=\"wp-element-caption\">Contact<\/figcaption><\/figure>\n<\/div>\n\n\n<p><\/p>\n\n\n\n<p class=\"has-text-align-center\"><a href=\"mailto:didier.saulais@wd4u.fr\">didier.saulais@wd4u.fr<\/a>   <\/p>\n\n\n\n<p class=\"has-text-align-center\"><a href=\"tel:0682906867\" data-type=\"tel\" data-id=\"tel:0682906867\">Tel +33 6 82906867<\/a><\/p>\n\n\n\n<p class=\"has-text-align-center\">Wifi Design 4 Usages &#8211; WD4U<br>17 Rue DES BASSES CORNEILLES 91460 MARCOUSSIS FRANCE<\/p>\n\n\n\n<p>Siret : 88908176600012 &#8211; TVA  : FR32889081766 &#8211; RCS \u00c9vry &#8211; NAF \/ APE : 6202A &#8211; SAS<\/p>\n","protected":false},"excerpt":{"rendered":"<p>Support WD4U &#8211; 30 Minute Meeting Pour une information, un rendez-vous afin d&rsquo;\u00e9tudier la meilleure solution r\u00e9pondant \u00e0 vos attentes. didier.saulais@wd4u.fr Tel +33 6 82906867 Wifi Design 4 Usages &#8211; WD4U17 Rue DES BASSES CORNEILLES 91460 MARCOUSSIS FRANCE Siret : 88908176600012 &#8211; TVA : FR32889081766 &#8211; RCS \u00c9vry &#8211; NAF \/ APE : 6202A &#8211;&hellip;&nbsp;<a href=\"https:\/\/wd4u.fr\/?page_id=183\" rel=\"bookmark\">Lire la suite &raquo;<span class=\"screen-reader-text\">Contactez-nous<\/span><\/a><\/p>\n","protected":false},"author":2,"featured_media":0,"parent":0,"menu_order":0,"comment_status":"closed","ping_status":"closed","template":"","meta":{"neve_meta_sidebar":"","neve_meta_container":"","neve_meta_enable_content_width":"","neve_meta_content_width":0,"neve_meta_title_alignment":"","neve_meta_author_avatar":"","neve_post_elements_order":"","neve_meta_disable_header":"","neve_meta_disable_footer":"","neve_meta_disable_title":"","footnotes":""},"class_list":["post-183","page","type-page","status-publish","hentry"],"_links":{"self":[{"href":"https:\/\/wd4u.fr\/index.php?rest_route=\/wp\/v2\/pages\/183","targetHints":{"allow":["GET"]}}],"collection":[{"href":"https:\/\/wd4u.fr\/index.php?rest_route=\/wp\/v2\/pages"}],"about":[{"href":"https:\/\/wd4u.fr\/index.php?rest_route=\/wp\/v2\/types\/page"}],"author":[{"embeddable":true,"href":"https:\/\/wd4u.fr\/index.php?rest_route=\/wp\/v2\/users\/2"}],"replies":[{"embeddable":true,"href":"https:\/\/wd4u.fr\/index.php?rest_route=%2Fwp%2Fv2%2Fcomments&post=183"}],"version-history":[{"count":17,"href":"https:\/\/wd4u.fr\/index.php?rest_route=\/wp\/v2\/pages\/183\/revisions"}],"predecessor-version":[{"id":797,"href":"https:\/\/wd4u.fr\/index.php?rest_route=\/wp\/v2\/pages\/183\/revisions\/797"}],"wp:attachment":[{"href":"https:\/\/wd4u.fr\/index.php?rest_route=%2Fwp%2Fv2%2Fmedia&parent=183"}],"curies":[{"name":"wp","href":"https:\/\/api.w.org\/{rel}","templated":true}]}}