{"id":199,"date":"2020-09-17T15:42:52","date_gmt":"2020-09-17T13:42:52","guid":{"rendered":"http:\/\/wd4u.fr\/?page_id=199"},"modified":"2026-02-13T16:48:01","modified_gmt":"2026-02-13T15:48:01","slug":"nos-solutions-portatives","status":"publish","type":"page","link":"https:\/\/wd4u.fr\/?page_id=199","title":{"rendered":"Nos solutions portatives"},"content":{"rendered":"\n<p>WD4U partenaire officiel des meilleures solutions du march\u00e9, vous propose  un large choix.<\/p>\n\n\n\n<ul class=\"wp-block-list\">\n<li>Pour un diagnostic imm\u00e9diat et fournir un rapport d\u00e9taill\u00e9<\/li>\n\n\n\n<li>Pour valider les infrastructures ou les interconnexions<\/li>\n\n\n\n<li>Pour localiser et identifier les dysfonctionnements<\/li>\n\n\n\n<li>Pour d\u00e9couvrir les causes de ralentissement<\/li>\n\n\n\n<li>Pour comprendre le ressenti utilisateur<\/li>\n<\/ul>\n\n\n\n<figure class=\"wp-block-pullquote\"><blockquote><p><strong>\u00ab\u00a0Plongez dans l&rsquo;opportunit\u00e9 unique d&rsquo;acqu\u00e9rir notre mat\u00e9riel de d\u00e9monstration d\u00e9sormais disponible \u00e0 la vente ! D\u00e9couvrez la qualit\u00e9 et la performance \u00e0 un prix imbattable.\u00a0\u00bb<\/strong><\/p><cite><a href=\"https:\/\/wd4u.fr\/?page_id=183\">Contactez-nous<\/a><\/cite><\/blockquote><\/figure>\n\n\n\n<figure class=\"wp-block-table is-style-regular\"><table class=\"has-fixed-layout\"><tbody><tr><td>Logiciel<\/td><td><a href=\"https:\/\/www.ekahau.com\/products\/ekahau-connect\/pro\/\">Ekahau Pro<\/a> <a href=\"https:\/\/www.ekahau.com\/products\/ekahau-connect\/survey\/\">Ekahau Survey<\/a> <br><a href=\"https:\/\/www.ekahau.com\/products\/ekahau-connect\/analyzer\/\">Ekahau Analyzer<\/a> <a href=\"https:\/\/www.ekahau.com\/products\/ekahau-connect\/capture\/\">Ekahau Capture<\/a><\/td><\/tr><tr><td>Sonde WiFi<\/td><td><a href=\"https:\/\/www.ekahau.com\/products\/ekahau-connect\/sidekick-2\/\">Ekahau Sidekick 2<\/a><br><a href=\"https:\/\/wyebot.com\/\" data-type=\"URL\" data-id=\"https:\/\/wyebot.com\/\">Sonde Wyebot<\/a><\/td><\/tr><tr><td>WiFi 6e <\/td><td><a href=\"https:\/\/www.ekahau.com\/products\/ekahau-connect\/pro\/\">Ekahau Pro<\/a> <a href=\"https:\/\/www.ekahau.com\/products\/ekahau-connect\/sidekick-2\/\">Ekahau Sidekick 2<\/a><br><a href=\"https:\/\/www.netally.com\/products\/aircheckg3\/\">AirCheck\u2122 G3<\/a> <a href=\"https:\/\/www.netally.com\/products\/etherscopenxg\/\">EtherScope\u00ae nXG<\/a><br><a href=\"https:\/\/oscium.com\/products\/wipry-clarity\/\">WiPry Clarity<\/a>\u00a0(analyseur de spectre Wi-Fi 2,2 \u2013 7,25 GHz).<\/td><\/tr><\/tbody><\/table><\/figure>\n\n\n\n<figure class=\"wp-block-table is-style-regular\"><table class=\"has-fixed-layout\"><tbody><tr><td><\/td><td><a href=\"https:\/\/www.netally.com\/\">https:\/\/www.netally.com<\/a><\/td><\/tr><tr><td><strong>cybers\u00e9curit\u00e9 portable<\/strong><\/td><td><a href=\"https:\/\/www.netally.com\/\">CyberScope<\/a>\u2122<br>Le premier outil de cybers\u00e9curit\u00e9 portable au monde<\/td><\/tr><tr><td>Logiciel<\/td><td><a href=\"https:\/\/www.netally.com\/products\/airmagnet-survey-pro\/\">AirMagnet\u00ae Survey PRO<\/a> <a href=\"https:\/\/www.netally.com\/products\/airmagnet-planner\/\">AirMagnet\u00ae Planner<\/a> <br><a href=\"https:\/\/www.netally.com\/products\/airmagnet-spectrum-xt\/\">AirMagnet\u00ae Spectrum XT<\/a> <strong>n&rsquo;est plus propos\u00e9 par le constructeur<\/strong><br><a href=\"https:\/\/www.netally.com\/products\/airmagnet-wifi-analyzer\/\">AirMagnet\u00ae WiFi Analyzer PRO<\/a> <strong>n&rsquo;est plus propos\u00e9 par le constructeur<\/strong><br><a href=\"https:\/\/www.netally.com\/products\/link-live\/\">Link-Live<\/a> \u00a0<\/td><\/tr><tr><td>WIFI portable<\/td><td><a href=\"https:\/\/www.netally.com\/products\/aircheck\/\">AirCheck\u2122 G2<\/a> remplac\u00e9 par <a href=\"https:\/\/www.netally.com\/products\/aircheckg3\/\">AirCheck\u2122 G3<\/a>  <a href=\"https:\/\/www.netally.com\/products\/etherscopenxg\/\">EtherScope\u00ae nXG<\/a><\/td><\/tr><tr><td>Portatif 10G<\/td><td><a href=\"https:\/\/www.netally.com\/products\/etherscopenxg\/\">EtherScope\u00ae nXG<\/a> <a href=\"https:\/\/www.netally.com\/products\/linkrunner10g\/\">LinkRunner\u00ae 10G<\/a><\/td><\/tr><tr><td>Portatif 1G<\/td><td><a href=\"https:\/\/www.netally.com\/products\/linkrunner\/\">LinkRunner\u00ae AT<\/a> <a href=\"https:\/\/www.netally.com\/products\/linkrunnerg2\/\">LinkRunner\u00ae G2<\/a> <a href=\"https:\/\/www.netally.com\/products\/linksprinter\/\">LinkSprinter\u00ae<\/a><\/td><\/tr><tr><td>&nbsp;<\/td><td><a href=\"https:\/\/www.netally.com\/products\/testaccessory\/\">Test Accessory<\/a> <a href=\"https:\/\/www.netally.com\/products\/testaccessory\/\"> Linksprinter<\/a><br><\/td><\/tr><\/tbody><\/table><\/figure>\n\n\n\n<figure class=\"wp-block-table is-style-regular\"><table class=\"has-fixed-layout\"><tbody><tr><td><\/td><td><a href=\"https:\/\/www.trend-networks.com\/fr\/\">https:\/\/www.trend-networks.com\/fr\/<\/a><\/td><\/tr><tr><td><strong>Cuivre<\/strong><\/td><\/tr><tr><td>Rep\u00e9rage c\u00e2blage<\/td><td><a href=\"https:\/\/www.trend-networks.com\/fr\/produit\/generateur-de-tonalite\/\">G\u00e9n\u00e9rateur de tonalit\u00e9<\/a><\/td><\/tr><tr><td>Testeur PoE<\/td><td><a href=\"https:\/\/www.trend-networks.com\/fr\/produit\/poe-pro\/\" data-type=\"URL\" data-id=\"https:\/\/www.trend-networks.com\/fr\/produit\/poe-pro\/\">Testeur de c\u00e2blage et PoE<\/a><\/td><\/tr><tr><td>Testeurs Cuivres VDI II s\u00e9rie<\/td><td><a href=\"https:\/\/www.idealnetworks.net\/fr\/produit\/vdv-ii-series\/\">V\u00e9rificateurs<\/a> &nbsp;<\/td><\/tr><tr><td>SIGNALTEK<\/td><td><a href=\"https:\/\/www.trend-networks.com\/fr\/produit\/securitest-ip\/\" data-type=\"URL\" data-id=\"https:\/\/www.trend-networks.com\/fr\/produit\/securitest-ip\/\">Transmission de donn\u00e9es et c\u00e2blage Simulateur de trafic r\u00e9seau VoIP\/CCTV\/Web\/IP vid\u00e9o<\/a><\/td><\/tr><tr><td>LANTEK s\u00e9rie<\/td><td><a href=\"https:\/\/www.trend-networks.com\/fr\/produit\/lantek-iv-series\/\" data-type=\"URL\" data-id=\"https:\/\/www.trend-networks.com\/fr\/produit\/lantek-iv-series\/\">Certificateur de c\u00e2blages<\/a><\/td><\/tr><tr><td><strong>Fibre<\/strong><\/td><\/tr><tr><td>Outils VDI<\/td><td><a href=\"https:\/\/www.trend-networks.com\/fr\/produit\/localisateur-de-defauts-fibre\/\" data-type=\"URL\" data-id=\"https:\/\/www.trend-networks.com\/fr\/produit\/localisateur-de-defauts-fibre\/\">Stylo nettoyeur connecteurs fibre<\/a><\/td><\/tr><tr><td>Contr\u00f4le fibre<\/td><td><a href=\"https:\/\/www.idealnetworks.net\/fr\/produit\/localisateur-de-defauts-fibre\/\">Localisateur de d\u00e9fauts fibre<\/a><\/td><\/tr><tr><td>FIBERMASTER SERIES<\/td><td><a href=\"https:\/\/www.trend-networks.com\/fr\/produit\/fibermaster-series\/\" data-type=\"URL\" data-id=\"https:\/\/www.trend-networks.com\/fr\/produit\/fibermaster-series\/\">Mesure d\u2019att\u00e9nuation fibre<\/a><\/td><\/tr><tr><td>OTDR II<\/td><td><a href=\"https:\/\/www.trend-networks.com\/fr\/produit\/reflectometre-fibre-optique-otdr-ii\/\" data-type=\"URL\" data-id=\"https:\/\/www.trend-networks.com\/fr\/produit\/reflectometre-fibre-optique-otdr-ii\/\">R\u00e9flectom\u00e8tre fibre optique<\/a><\/td><\/tr><tr><td>FIBERTEK IV SERIES<\/td><td><a href=\"https:\/\/www.trend-networks.com\/fr\/produit\/fibertek-iv-series\/\" data-type=\"URL\" data-id=\"https:\/\/www.trend-networks.com\/fr\/produit\/fibertek-iv-series\/\">Certification fibre<\/a><\/td><\/tr><tr><td>&nbsp;<\/td><\/tr><tr><td>V\u00e9rificateur r\u00e9seaux<\/td><td><a href=\"https:\/\/www.trend-networks.com\/fr\/produit\/navitek-nt-series\/\" data-type=\"URL\" data-id=\"https:\/\/www.trend-networks.com\/fr\/produit\/navitek-nt-series\/\">Testeur r\u00e9seaux cuivre et fibre<\/a><\/td><\/tr><tr><td>Analyseur r\u00e9seaux<\/td><td><a href=\"https:\/\/www.trend-networks.com\/fr\/produit\/lanxplorer-pro\/\" data-type=\"URL\" data-id=\"https:\/\/www.trend-networks.com\/fr\/produit\/lanxplorer-pro\/\">Analyse et diagnostique des probl\u00e8mes de r\u00e9seaux<\/a><\/td><\/tr><tr><td>Testeur de Mise en service<\/td><td>&nbsp;<a href=\"https:\/\/www.idealnetworks.net\/fr\/produit\/navitek-ie\/\">Testeur rj45 et M12 et fibre<\/a><\/td><\/tr><tr><td>Testeur camera IP<\/td><td><a href=\"https:\/\/www.trend-networks.com\/fr\/produit\/securitest-ip\/\" data-type=\"URL\" data-id=\"https:\/\/www.trend-networks.com\/fr\/produit\/securitest-ip\/\">Testeur vid\u00e9oprotection securitest ip<\/a><\/td><\/tr><tr><td>&nbsp;<strong>Solution Cloud<\/strong><\/td><\/tr><tr><td><\/td><td><a href=\"https:\/\/anyware.trend-networks.com\/\" data-type=\"URL\" data-id=\"https:\/\/anyware.trend-networks.com\/\">https:\/\/anyware.idealnetworks.net<\/a><br><a href=\"https:\/\/wyebot.com\/\" data-type=\"URL\" data-id=\"https:\/\/wyebot.com\/\">Sonde Wyebot<\/a><br><a href=\"https:\/\/www.ekahau.com\/wp-content\/uploads\/2021\/08\/EKH_Insights_Datasheet_090221.pdf\">Ekahau insight<\/a><\/td><\/tr><\/tbody><\/table><\/figure>\n","protected":false},"excerpt":{"rendered":"<p>WD4U partenaire officiel des meilleures solutions du march\u00e9, vous propose un large choix. \u00ab\u00a0Plongez dans l&rsquo;opportunit\u00e9 unique d&rsquo;acqu\u00e9rir notre mat\u00e9riel de d\u00e9monstration d\u00e9sormais disponible \u00e0 la vente ! D\u00e9couvrez la qualit\u00e9 et la performance \u00e0 un prix imbattable.\u00a0\u00bb Contactez-nous Logiciel Ekahau Pro Ekahau Survey Ekahau Analyzer Ekahau Capture Sonde WiFi Ekahau Sidekick 2Sonde Wyebot WiFi&hellip;&nbsp;<a href=\"https:\/\/wd4u.fr\/?page_id=199\" rel=\"bookmark\">Lire la suite &raquo;<span class=\"screen-reader-text\">Nos solutions portatives<\/span><\/a><\/p>\n","protected":false},"author":2,"featured_media":0,"parent":0,"menu_order":0,"comment_status":"closed","ping_status":"closed","template":"","meta":{"neve_meta_sidebar":"","neve_meta_container":"","neve_meta_enable_content_width":"","neve_meta_content_width":0,"neve_meta_title_alignment":"","neve_meta_author_avatar":"","neve_post_elements_order":"","neve_meta_disable_header":"","neve_meta_disable_footer":"","neve_meta_disable_title":"","footnotes":""},"class_list":["post-199","page","type-page","status-publish","hentry"],"_links":{"self":[{"href":"https:\/\/wd4u.fr\/index.php?rest_route=\/wp\/v2\/pages\/199","targetHints":{"allow":["GET"]}}],"collection":[{"href":"https:\/\/wd4u.fr\/index.php?rest_route=\/wp\/v2\/pages"}],"about":[{"href":"https:\/\/wd4u.fr\/index.php?rest_route=\/wp\/v2\/types\/page"}],"author":[{"embeddable":true,"href":"https:\/\/wd4u.fr\/index.php?rest_route=\/wp\/v2\/users\/2"}],"replies":[{"embeddable":true,"href":"https:\/\/wd4u.fr\/index.php?rest_route=%2Fwp%2Fv2%2Fcomments&post=199"}],"version-history":[{"count":18,"href":"https:\/\/wd4u.fr\/index.php?rest_route=\/wp\/v2\/pages\/199\/revisions"}],"predecessor-version":[{"id":868,"href":"https:\/\/wd4u.fr\/index.php?rest_route=\/wp\/v2\/pages\/199\/revisions\/868"}],"wp:attachment":[{"href":"https:\/\/wd4u.fr\/index.php?rest_route=%2Fwp%2Fv2%2Fmedia&parent=199"}],"curies":[{"name":"wp","href":"https:\/\/api.w.org\/{rel}","templated":true}]}}