{"id":292,"date":"2020-11-13T10:32:38","date_gmt":"2020-11-13T09:32:38","guid":{"rendered":"http:\/\/wd4u.fr\/?page_id=292"},"modified":"2024-01-15T17:53:24","modified_gmt":"2024-01-15T16:53:24","slug":"nos-peripheriques-de-depannage-reseau","status":"publish","type":"page","link":"https:\/\/wd4u.fr\/?page_id=292","title":{"rendered":"Nos p\u00e9riph\u00e9riques de d\u00e9pannage r\u00e9seau"},"content":{"rendered":"\n<figure class=\"wp-block-table is-style-regular\"><table><tbody><tr><td>\u00c9dition virtuelle <br>Pour les applications cloud <br>1 x port de miroir virtuel <br>Stockage de base de donn\u00e9es illimit\u00e9 <br>Tampon en anneau illimit\u00e9 <br>Virtuel<\/td><\/tr><tr><td>Allegro 200 <br>Pour les bureaux ou les petits centres de donn\u00e9es <br>2 ports de moniteur 1000Base-T <br>2 Go \/ s max.&nbsp;d\u00e9bit <br>M\u00e9moire de base de donn\u00e9es interne de 2 Go <br>Tampon en anneau externe <br>Portable (260 g)<\/td><\/tr><tr><td>Allegro 500 <br>Pour les bureaux ou les petits centres de donn\u00e9es <br>4 ports de moniteur 1000Base-T<br>4 Go \/ s max.&nbsp;d\u00e9bit M\u00e9moire de base de donn\u00e9es interne de 4 \u00e0 8 Go 0,5-1 TB <br>tampon en anneau int\u00e9gr\u00e9 <br>Portable (1 kg)<\/td><\/tr><tr><td>Allegro 1000\/1200 <br>Pour les immeubles de bureaux ou les centres de donn\u00e9es <br>3 ports moniteur 1000Base-T, 2 ports moniteur 10GBase-T, 2 ports moniteur SFP +, 1 emplacement d&rsquo;extension <br>20 Go \/ s max.&nbsp;d\u00e9bit <br>M\u00e9moire de base de donn\u00e9es interne de 16 \u00e0 256 Go <br>Jusqu&rsquo;\u00e0 10 To de m\u00e9moire tampon en anneau int\u00e9gr\u00e9e <br>Portable \/ 1 U (2-4 kg)<\/td><\/tr><tr><td>Allegro 1300\/3300\/5300 <br>Pour les r\u00e9seaux d&rsquo;entreprise, les centres de donn\u00e9es et les r\u00e9seaux ISP <br>1 x ports de moniteur 10GBase-T et 1 x 1000Base-T 100 Go \/ s max.&nbsp;d\u00e9bit <br>M\u00e9moire de base de donn\u00e9es interne de 64 Go <br>Jusqu&rsquo;\u00e0 25,6 To de m\u00e9moire tampon en anneau int\u00e9gr\u00e9e <br>P\u00e8se 20-30 kg<\/td><\/tr><tr><td>Allegro 3000\/3200 <br>Pour les immeubles de bureaux ou les centres de donn\u00e9es <br>3 ports moniteur 1000Base-T, 2 ports moniteur 10GBase-T, 2 ports moniteur SFP +, 1 emplacement d&rsquo;extension 40 Go \/ s max.&nbsp;d\u00e9bit <br>M\u00e9moire de base de donn\u00e9es interne de 64 \u00e0 256 Go <br>Jusqu&rsquo;\u00e0 10 To de m\u00e9moire tampon en anneau int\u00e9gr\u00e9e <br>Portable \/ 1 U (2-4 kg)<\/td><\/tr><tr><td>Allegro 1500\/3500\/5500 <br>Pour les r\u00e9seaux d&rsquo;entreprise, les centres de donn\u00e9es et les r\u00e9seaux FAI <br>6 emplacements d\u2019extension : SFP +, QSFP, QSFP28 etc. 50 \u00e0 100 Go \/ s max.&nbsp;d\u00e9bit M\u00e9moire de base de donn\u00e9es int\u00e9gr\u00e9e de 64 Go <br>Jusqu&rsquo;\u00e0 576 To de m\u00e9moire tampon en anneau int\u00e9gr\u00e9e <br>4 U (40 \u00e0 80 kg)<\/td><\/tr><tr><td>Allegro JBOD <br>Extension de disque dur pour multim\u00e8tre r\u00e9seau Allegro Utilisable sur toutes les unit\u00e9s de l&rsquo;Allegro 1000 Extensible <br>jusqu&rsquo;\u00e0 704 To HDD Support de tampon en anneau parall\u00e8le <br>2 U ou 4 U<\/td><\/tr><tr><td><a href=\"mailto:didier.saulais@wd4u.fr\" data-type=\"mailto\" data-id=\"mailto:didier.saulais@wd4u.fr\">Demandez l&rsquo;aper\u00e7u des performances, vous trouverez la comparaison de toutes les Appliances Allegro Packets<\/a><\/td><\/tr><\/tbody><\/table><\/figure>\n","protected":false},"excerpt":{"rendered":"<p>\u00c9dition virtuelle Pour les applications cloud 1 x port de miroir virtuel Stockage de base de donn\u00e9es illimit\u00e9 Tampon en anneau illimit\u00e9 Virtuel Allegro 200 Pour les bureaux ou les petits centres de donn\u00e9es 2 ports de moniteur 1000Base-T 2 Go \/ s max.&nbsp;d\u00e9bit M\u00e9moire de base de donn\u00e9es interne de 2 Go Tampon en&hellip;&nbsp;<a href=\"https:\/\/wd4u.fr\/?page_id=292\" rel=\"bookmark\">Lire la suite &raquo;<span class=\"screen-reader-text\">Nos p\u00e9riph\u00e9riques de d\u00e9pannage r\u00e9seau<\/span><\/a><\/p>\n","protected":false},"author":2,"featured_media":0,"parent":0,"menu_order":0,"comment_status":"closed","ping_status":"closed","template":"","meta":{"neve_meta_sidebar":"","neve_meta_container":"","neve_meta_enable_content_width":"","neve_meta_content_width":0,"neve_meta_title_alignment":"","neve_meta_author_avatar":"","neve_post_elements_order":"","neve_meta_disable_header":"","neve_meta_disable_footer":"","neve_meta_disable_title":"","footnotes":""},"class_list":["post-292","page","type-page","status-publish","hentry"],"_links":{"self":[{"href":"https:\/\/wd4u.fr\/index.php?rest_route=\/wp\/v2\/pages\/292","targetHints":{"allow":["GET"]}}],"collection":[{"href":"https:\/\/wd4u.fr\/index.php?rest_route=\/wp\/v2\/pages"}],"about":[{"href":"https:\/\/wd4u.fr\/index.php?rest_route=\/wp\/v2\/types\/page"}],"author":[{"embeddable":true,"href":"https:\/\/wd4u.fr\/index.php?rest_route=\/wp\/v2\/users\/2"}],"replies":[{"embeddable":true,"href":"https:\/\/wd4u.fr\/index.php?rest_route=%2Fwp%2Fv2%2Fcomments&post=292"}],"version-history":[{"count":5,"href":"https:\/\/wd4u.fr\/index.php?rest_route=\/wp\/v2\/pages\/292\/revisions"}],"predecessor-version":[{"id":548,"href":"https:\/\/wd4u.fr\/index.php?rest_route=\/wp\/v2\/pages\/292\/revisions\/548"}],"wp:attachment":[{"href":"https:\/\/wd4u.fr\/index.php?rest_route=%2Fwp%2Fv2%2Fmedia&parent=292"}],"curies":[{"name":"wp","href":"https:\/\/api.w.org\/{rel}","templated":true}]}}