{"id":567,"date":"2022-06-28T17:39:29","date_gmt":"2022-06-28T15:39:29","guid":{"rendered":"http:\/\/wd4u.fr\/?page_id=567"},"modified":"2024-01-15T17:53:50","modified_gmt":"2024-01-15T16:53:50","slug":"notre-selection-ekahau","status":"publish","type":"page","link":"https:\/\/wd4u.fr\/?page_id=567","title":{"rendered":"Notre s\u00e9lection Ekahau"},"content":{"rendered":"\n<p><a href=\"https:\/\/www.ekahau.com\/products\/ekahau-connect\/ai-pro\/\">Ekahau AI Pro<\/a><\/p>\n\n\n\n<figure class=\"wp-block-image size-large is-resized\"><img loading=\"lazy\" decoding=\"async\" src=\"https:\/\/www.ekahau.com\/wp-content\/uploads\/2022\/05\/Hero2_fg.png\" alt=\"\" width=\"292\" height=\"209\"\/><\/figure>\n\n\n\n<p>Ekahau AI Pro\u2122 est le logiciel de conception WiFi de choix pour les professionnels de l&rsquo;informatique qui m\u00e8nent des projets de conception et de d\u00e9ploiement WiFi <\/p>\n\n\n\n<p>Cr\u00e9ez de puissantes conceptions de r\u00e9seaux sans fil pr\u00e9dictifs assist\u00e9s par IA<br>Ex\u00e9cutez des simulations de mise \u00e0 niveau du r\u00e9seau pour tester les performances<br>G\u00e9n\u00e9rez des rapports personnalis\u00e9s d\u00e9taillant la sant\u00e9 des performances de votre r\u00e9seau<\/p>\n\n\n\n<p><a href=\"https:\/\/www.ekahau.com\/products\/ekahau-connect\/sidekick-2\/\" data-type=\"URL\" data-id=\"https:\/\/www.ekahau.com\/products\/ekahau-connect\/sidekick-2\/\">Ekahau Sidekick 2<\/a><\/p>\n\n\n\n<p>Si vous voulez un excellent WIFI, vous avez besoin de Sidekick 2Valider les r\u00e9seaux sans fil 2,4, 5 et 6 GHz Sa vitesse et une pr\u00e9cision in\u00e9gal\u00e9es<br>Une image claire de vos performances WIFI avec 4 radios tri-bande et un analyseur de spectre qui scanne \u00e0 50 balayages\/seconde.<br>Gagnez du temps et de l&rsquo;argent en pla\u00e7ant correctement les points d&rsquo;acc\u00e8s correctement la premiere fois et en r\u00e9solvant les probl\u00e8mes de Wi-Fi avant qu&rsquo;ils n&rsquo;entra\u00eenent des pannes co\u00fbteuses.<\/p>\n\n\n\n<figure class=\"wp-block-image size-large is-resized\"><img loading=\"lazy\" decoding=\"async\" src=\"https:\/\/www.ekahau.com\/wp-content\/uploads\/2022\/07\/Sidekick-2-3D-with-Phone-Shadow-Only.png\" alt=\"\" width=\"251\" height=\"251\"\/><\/figure>\n\n\n\n<p><a href=\"https:\/\/www.ekahau.com\/products\/ekahau-connect\/\">Ekahau Connect<\/a> <\/p>\n\n\n\n<figure class=\"wp-block-image size-large is-resized\"><img loading=\"lazy\" decoding=\"async\" src=\"https:\/\/www.ekahau.com\/wp-content\/uploads\/2022\/07\/product-family-July-2022-Web-640px-transparent-1.png\" alt=\"\" width=\"434\" height=\"118\"\/><\/figure>\n\n\n\n<p>G\u00e9rez chaque aspect de votre r\u00e9seau sans fil avec notre suite compl\u00e8te d&rsquo;outils WIFI.(maintenance support et autres fonctions)<\/p>\n\n\n\n<p><a href=\"https:\/\/www.ekahau.com\/products\/ekahau-connect\/analyzer\/\">Ekahau Analyzer<\/a> <\/p>\n\n\n\n<figure class=\"wp-block-image size-large is-resized\"><img loading=\"lazy\" decoding=\"async\" src=\"https:\/\/www.ekahau.com\/wp-content\/uploads\/2022\/11\/analyzer-mobile-device@2x.png\" alt=\"\" width=\"184\" height=\"175\"\/><\/figure>\n\n\n\n<p>Transformez l&rsquo;appareil dans votre poche en un puissant outil de d\u00e9pannage WIFI .Ekahau Analyzer offre mobilit\u00e9 et commodit\u00e9 pour r\u00e9soudre les probl\u00e8mes de r\u00e9seau les plus courants &#8211; avec l&rsquo;appareil Android ou iOS directement dans votre poche. Connectez votre tablette ou votre t\u00e9l\u00e9phone \u00e0 Ekahau Sidekick pour diagnostiquer votre r\u00e9seau plus rapidement, plus s\u00fbr et plus mobile.<\/p>\n\n\n\n<p><a href=\"https:\/\/www.ekahau.com\/products\/ekahau-connect\/capture\/\">Ekahau Capture<\/a> <\/p>\n\n\n\n<p>Outil de capture de paquets facile \u00e0 utiliser pour un d\u00e9pannage avanc\u00e9 et une analyse approfondie. (cette fonction n&rsquo;est support\u00e9e par le sidekick 1)<\/p>\n\n\n\n<p><a href=\"https:\/\/www.ekahau.com\/products\/ekahau-connect\/survey\/\" data-type=\"URL\" data-id=\"https:\/\/www.ekahau.com\/products\/ekahau-connect\/survey\/\">Ekahau Survey inclus dans l&rsquo;abonneent connect<\/a> <\/p>\n\n\n\n<p>est une application d\u2019enqu\u00eate Wi-Fi compl\u00e8te optimis\u00e9e pour les appareils mobiles l\u00e9gers.\u00a0En tirant parti d\u2019Apple ARKit et LiDAR, Ekahau Survey offre une exp\u00e9rience utilisateur am\u00e9lior\u00e9e qui suivra, calibrera et apprendra vos mouvements pour les lectures RF les plus pr\u00e9cises \u00e0 chaque \u00e9tape \u2013 30 mesures par seconde pour \u00eatre plus pr\u00e9cis.<\/p>\n\n\n\n<figure class=\"wp-block-image is-resized\"><img loading=\"lazy\" decoding=\"async\" src=\"https:\/\/www.ekahau.com\/wp-content\/uploads\/2022\/07\/Male-dongle-vs-sidekick2-ai.png\" alt=\"\" width=\"391\" height=\"256\"\/><\/figure>\n\n\n\n<p>Connect\u00e9e \u00e0 Sidekick 2, l\u2019application mobile Ekahau Survey offre le moyen le plus intuitif, pr\u00e9cis et agr\u00e9able d\u2019enqu\u00eater sur les r\u00e9seaux sans fil. La facilit\u00e9 d\u2019utilisation du pilote automatique ainsi que les fonctionnalit\u00e9s avanc\u00e9es du mode Inspect* vous permettront d\u2019effectuer des relev\u00e9s plus rapidement et plus fr\u00e9quemment afin que vous ayez toujours acc\u00e8s \u00e0 des mesures \u00e0 jour.<\/p>\n\n\n\n<p><a href=\"https:\/\/www.ekahau.com\/products\/ekahau-connect\/analyzer\/\">Analyseur Ekahau Inclus dans l\u2019abonnement Connect<\/a><\/p>\n\n\n\n<p>Identifiez rapidement les sources d\u2019interf\u00e9rences sans fil et assurez le bon fonctionnement de votre entreprise<\/p>\n\n\n\n<p>Ekahau Analyzer valide automatiquement la sant\u00e9 de votre r\u00e9seau Wi-Fi en testant par rapport \u00e0 des exigences pr\u00e9d\u00e9finies et en affichant les r\u00e9sultats avec des indications de r\u00e9ussite\/\u00e9chec claires et faciles \u00e0 comprendre. Obtenez un diagnostic instantan\u00e9<\/p>\n\n\n\n<figure class=\"wp-block-image is-resized\"><img loading=\"lazy\" decoding=\"async\" src=\"https:\/\/www.ekahau.com\/wp-content\/uploads\/2022\/11\/analyzer-sidekick2-ipad-iphone@2x.png\" alt=\"\" width=\"376\" height=\"231\"\/><\/figure>\n","protected":false},"excerpt":{"rendered":"<p>Ekahau AI Pro Ekahau AI Pro\u2122 est le logiciel de conception WiFi de choix pour les professionnels de l&rsquo;informatique qui m\u00e8nent des projets de conception et de d\u00e9ploiement WiFi Cr\u00e9ez de puissantes conceptions de r\u00e9seaux sans fil pr\u00e9dictifs assist\u00e9s par IAEx\u00e9cutez des simulations de mise \u00e0 niveau du r\u00e9seau pour tester les performancesG\u00e9n\u00e9rez des rapports&hellip;&nbsp;<a href=\"https:\/\/wd4u.fr\/?page_id=567\" rel=\"bookmark\">Lire la suite &raquo;<span class=\"screen-reader-text\">Notre s\u00e9lection Ekahau<\/span><\/a><\/p>\n","protected":false},"author":2,"featured_media":0,"parent":0,"menu_order":0,"comment_status":"closed","ping_status":"closed","template":"","meta":{"neve_meta_sidebar":"","neve_meta_container":"","neve_meta_enable_content_width":"","neve_meta_content_width":0,"neve_meta_title_alignment":"","neve_meta_author_avatar":"","neve_post_elements_order":"","neve_meta_disable_header":"","neve_meta_disable_footer":"","neve_meta_disable_title":"","footnotes":""},"class_list":["post-567","page","type-page","status-publish","hentry"],"_links":{"self":[{"href":"https:\/\/wd4u.fr\/index.php?rest_route=\/wp\/v2\/pages\/567","targetHints":{"allow":["GET"]}}],"collection":[{"href":"https:\/\/wd4u.fr\/index.php?rest_route=\/wp\/v2\/pages"}],"about":[{"href":"https:\/\/wd4u.fr\/index.php?rest_route=\/wp\/v2\/types\/page"}],"author":[{"embeddable":true,"href":"https:\/\/wd4u.fr\/index.php?rest_route=\/wp\/v2\/users\/2"}],"replies":[{"embeddable":true,"href":"https:\/\/wd4u.fr\/index.php?rest_route=%2Fwp%2Fv2%2Fcomments&post=567"}],"version-history":[{"count":7,"href":"https:\/\/wd4u.fr\/index.php?rest_route=\/wp\/v2\/pages\/567\/revisions"}],"predecessor-version":[{"id":703,"href":"https:\/\/wd4u.fr\/index.php?rest_route=\/wp\/v2\/pages\/567\/revisions\/703"}],"wp:attachment":[{"href":"https:\/\/wd4u.fr\/index.php?rest_route=%2Fwp%2Fv2%2Fmedia&parent=567"}],"curies":[{"name":"wp","href":"https:\/\/api.w.org\/{rel}","templated":true}]}}