{"id":576,"date":"2022-06-28T18:21:13","date_gmt":"2022-06-28T16:21:13","guid":{"rendered":"http:\/\/wd4u.fr\/?page_id=576"},"modified":"2024-06-06T16:56:43","modified_gmt":"2024-06-06T14:56:43","slug":"notre-selection-cuivre-et-fibre-wifi","status":"publish","type":"page","link":"https:\/\/wd4u.fr\/?page_id=576","title":{"rendered":"Notre s\u00e9lection Cuivre Fibre Wifi"},"content":{"rendered":"\n<figure class=\"wp-block-image size-large is-resized\"><img decoding=\"async\" src=\"https:\/\/mlyqxhs8ijge.i.optimole.com\/w:235\/h:470\/q:90\/dpr:1.1\/f:avif\/https:\/\/www.netally.com\/wp-content\/uploads\/EtherScopenXG-Home.png\" alt=\"\" style=\"width:96px;height:191px\"\/><\/figure>\n\n\n\n<p><strong><a href=\"https:\/\/www.netally.com\/wp-content\/uploads\/EXG-300-Upgrade.pdf\">Etherscope 300<\/a>&nbsp;Le PREMIER analyseur portable de l\u2019industrie pour les tests Wi-Fi 6\/6<sup>E<\/sup><\/strong><\/p>\n\n\n\n<p>En mati\u00e8re de test et d\u2019analyse de r\u00e9seau, NetAlly est l\u2019alli\u00e9 n\u00b01 des professionnels du r\u00e9seau dans le monde entier.&nbsp; En tant que leader du secteur depuis plus de 25 ans, des outils et logiciels permettent \u00e0 votre \u00e9quipe de planifier, d\u2019installer, de valider et de d\u00e9panner plus efficacement des r\u00e9seaux c\u00e2bl\u00e9s et sans fil d\u2019une importance vitale.<\/p>\n\n\n\n<figure class=\"wp-block-image size-large is-resized\"><img decoding=\"async\" src=\"https:\/\/allegro-packets.com\/assets\/images\/b\/Allegro-Network-Multimeter-500-2d0c9ed4.webp\" alt=\"\" style=\"width:187px;height:auto\"\/><\/figure>\n\n\n\n<p><strong><a href=\"https:\/\/allegro-packets.com\/en\/network-multimeter\/overview-appliances\/allegro-500\">Allegro 500<\/a><\/strong><\/p>\n\n\n\n<p>Le plus petit et le plus l\u00e9ger de la famille des multim\u00e8tres r\u00e9seau Allegro<\/p>\n\n\n\n<p>&nbsp;Les appareils de d\u00e9pannage d\u2019Allegro Packets sont des outils de diagnostic pour l\u2019analyse du r\u00e9seau. Ils sont d\u00e9ploy\u00e9s par les administrateurs r\u00e9seau du monde entier pour analyser le trafic r\u00e9seau en temps r\u00e9el, que l\u2019\u00e9v\u00e9nement \u00e0 analyser soit actuel ou pass\u00e9.<\/p>\n\n\n\n<figure class=\"wp-block-image size-large is-resized\"><img decoding=\"async\" src=\"https:\/\/www.garlandtechnology.com\/hs-fs\/hubfs\/Current\/Diagrams\/Diagrams%202020\/Modes-Breakout1-1.png?width=350&amp;height=276&amp;name=Modes-Breakout1-1.png\" alt=\"\" style=\"width:175px;height:138px\"\/><\/figure>\n\n\n\n<p><strong><a href=\"https:\/\/www.garlandtechnology.com\/hubfs\/Current\/Documents\/Datasheets\/Aggregating\/GTDS20-FieldTAP-USB.pdf?hsLang=en-us\">FieldTAP 10M\/100M\/1000M (1G) | USB monitor ports | Troubleshooting<\/a><\/strong><\/p>\n\n\n\n<p>Les points d\u2019acc\u00e8s de test r\u00e9seau (TAP) sont des p\u00e9riph\u00e9riques mat\u00e9riels non intrusifs sp\u00e9cialement con\u00e7us copiant 100 % des donn\u00e9es de vos r\u00e9seaux, ce qui permet \u00e0 vos outils de surveillance de voir chaque bit, octet et paquet.<\/p>\n\n\n\n<figure class=\"wp-block-image size-large is-resized is-style-default\"><a href=\"https:\/\/www.netally.com\/products\/\"><img decoding=\"async\" src=\"https:\/\/www.netally.com\/wp-content\/uploads\/2020\/04\/FS_EtherScope_LL-1024x458.png\" alt=\"\" style=\"width:768px;height:344px\"\/><\/a><\/figure>\n\n\n\n<p><a href=\"https:\/\/www.netally.com\/products\/\">https:\/\/www.netally.com\/products\/<\/a><\/p>\n\n\n\n<figure class=\"wp-block-image size-large is-resized\"><img decoding=\"async\" src=\"https:\/\/itnetworks.softing.com\/fileadmin\/media\/images\/teaser\/Startseite_Teaser_Seminaires_370x405_FR.jpg\" alt=\"\" style=\"width:227px;height:248px\"\/><\/figure>\n\n\n\n<p><a href=\"https:\/\/itnetworks.softing.com\/fr\/seminaires-en-ligne\/verifier-qualifier-certifier-1\/\" data-type=\"URL\" data-id=\"https:\/\/itnetworks.softing.com\/fr\/seminaires-en-ligne\/verifier-qualifier-certifier-1\/\">V\u00e9rifier, Qualifier, Certifier<\/a><\/p>\n\n\n\n<p><\/p>\n\n\n\n<p><\/p>\n","protected":false},"excerpt":{"rendered":"<p>Etherscope 300&nbsp;Le PREMIER analyseur portable de l\u2019industrie pour les tests Wi-Fi 6\/6E En mati\u00e8re de test et d\u2019analyse de r\u00e9seau, NetAlly est l\u2019alli\u00e9 n\u00b01 des professionnels du r\u00e9seau dans le monde entier.&nbsp; En tant que leader du secteur depuis plus de 25 ans, des outils et logiciels permettent \u00e0 votre \u00e9quipe de planifier, d\u2019installer, de&hellip;&nbsp;<a href=\"https:\/\/wd4u.fr\/?page_id=576\" rel=\"bookmark\">Lire la suite &raquo;<span class=\"screen-reader-text\">Notre s\u00e9lection Cuivre Fibre Wifi<\/span><\/a><\/p>\n","protected":false},"author":2,"featured_media":0,"parent":0,"menu_order":0,"comment_status":"closed","ping_status":"closed","template":"","meta":{"neve_meta_sidebar":"","neve_meta_container":"","neve_meta_enable_content_width":"","neve_meta_content_width":0,"neve_meta_title_alignment":"","neve_meta_author_avatar":"","neve_post_elements_order":"","neve_meta_disable_header":"","neve_meta_disable_footer":"","neve_meta_disable_title":"","footnotes":""},"class_list":["post-576","page","type-page","status-publish","hentry"],"_links":{"self":[{"href":"https:\/\/wd4u.fr\/index.php?rest_route=\/wp\/v2\/pages\/576","targetHints":{"allow":["GET"]}}],"collection":[{"href":"https:\/\/wd4u.fr\/index.php?rest_route=\/wp\/v2\/pages"}],"about":[{"href":"https:\/\/wd4u.fr\/index.php?rest_route=\/wp\/v2\/types\/page"}],"author":[{"embeddable":true,"href":"https:\/\/wd4u.fr\/index.php?rest_route=\/wp\/v2\/users\/2"}],"replies":[{"embeddable":true,"href":"https:\/\/wd4u.fr\/index.php?rest_route=%2Fwp%2Fv2%2Fcomments&post=576"}],"version-history":[{"count":13,"href":"https:\/\/wd4u.fr\/index.php?rest_route=\/wp\/v2\/pages\/576\/revisions"}],"predecessor-version":[{"id":939,"href":"https:\/\/wd4u.fr\/index.php?rest_route=\/wp\/v2\/pages\/576\/revisions\/939"}],"wp:attachment":[{"href":"https:\/\/wd4u.fr\/index.php?rest_route=%2Fwp%2Fv2%2Fmedia&parent=576"}],"curies":[{"name":"wp","href":"https:\/\/api.w.org\/{rel}","templated":true}]}}