{"id":585,"date":"2022-06-28T18:41:16","date_gmt":"2022-06-28T16:41:16","guid":{"rendered":"http:\/\/wd4u.fr\/?page_id=585"},"modified":"2026-02-13T16:39:31","modified_gmt":"2026-02-13T15:39:31","slug":"nos-produits-wifi-6-6e","status":"publish","type":"page","link":"https:\/\/wd4u.fr\/?page_id=585","title":{"rendered":"Nos Produits Wi-Fi 7"},"content":{"rendered":"\n<div class=\"wp-block-columns is-layout-flex wp-container-core-columns-is-layout-9d6595d7 wp-block-columns-is-layout-flex\">\n<div class=\"wp-block-column is-layout-flow wp-block-column-is-layout-flow\">\n<figure class=\"wp-block-image size-large is-resized\"><img decoding=\"async\" src=\"https:\/\/www.ekahau.com\/wp-content\/uploads\/2022\/07\/Sidekick-2-3D-with-Phone-Shadow-Only.png\" alt=\"\" style=\"width:297px;height:auto\"\/><\/figure>\n<\/div>\n\n\n\n<div class=\"wp-block-column is-layout-flow wp-block-column-is-layout-flow\">\n<p><strong>Sidekick 2<\/strong><br><strong>Le plus pr\u00e9cis des appareils de mesure Wi-Fi optimis\u00e9 pour 6 GHz (Wi-Fi 6E\/7), 5 GHz et 2,4 GHz.<br>Pour valider et visualiser tous vos d\u00e9ploiements Wifi professionnels<\/strong><\/p>\n<\/div>\n<\/div>\n\n\n\n<div class=\"wp-block-columns is-layout-flex wp-container-core-columns-is-layout-9d6595d7 wp-block-columns-is-layout-flex\">\n<div class=\"wp-block-column is-layout-flow wp-block-column-is-layout-flow\">\n<figure class=\"wp-block-image size-large is-resized\"><img decoding=\"async\" src=\"https:\/\/www.sidos.com\/wp-content\/uploads\/2023\/07\/three-devices-sidos2-scaled.webp\" alt=\"\" style=\"width:363px;height:auto\"\/><\/figure>\n<\/div>\n\n\n\n<div class=\"wp-block-column is-layout-flow wp-block-column-is-layout-flow\">\n<p>Nouveaut\u00e9 <\/p>\n\n\n\n<p><a href=\"https:\/\/pages.sidos.com\/product-showcase\" data-type=\"link\" data-id=\"https:\/\/pages.sidos.com\/product-showcase\">D\u00e9couvrez les nouveaut\u00e9s, posez des questions et obtenez des r\u00e9ponses !<br>2025<\/a><\/p>\n\n\n\n<p><a href=\"http:\/\/sidos.com\/\">Sidos.com<\/a>\u00a0<strong>construit des outils Wi-Fi de qualit\u00e9 professionnelle, puissants, pr\u00e9cis, mais intuitifs et faciles \u00e0 utiliser. Nous sommes passionn\u00e9s par l\u2019am\u00e9lioration du fonctionnement du Wi-Fi. Notre mission est d\u2019aider les professionnels du wifi \u00e0 r\u00e9soudre les d\u00e9fis Wifi difficiles, en \u00e9liminant les incertitudes et les t\u00e2ches sans valeur ajout\u00e9e du processus.<\/strong><\/p>\n<\/div>\n<\/div>\n\n\n\n<div class=\"wp-block-columns is-layout-flex wp-container-core-columns-is-layout-9d6595d7 wp-block-columns-is-layout-flex\">\n<div class=\"wp-block-column is-layout-flow wp-block-column-is-layout-flow\">\n<figure class=\"wp-block-image size-large is-resized\"><img decoding=\"async\" src=\"https:\/\/partners.netally.com\/Contents\/Assets\/Images\/logo.png\" alt=\"\" style=\"width:356px;height:auto\"\/><\/figure>\n<\/div>\n\n\n\n<div class=\"wp-block-column is-layout-flow wp-block-column-is-layout-flow\">\n<p><strong>EtherScope nXG Aircheck G3 \u2013 Now with v 6\/6E! \u2013<\/strong><\/p>\n\n\n\n<p>Alors que les points d&rsquo;acc\u00e8s et les clients Wi-Fi 6 existent d\u00e9j\u00e0 depuis un certain temps, les points d&rsquo;acc\u00e8s professionnels 6 GHz (6E) sont d\u00e9sormais largement disponibles. Pourtant, le Wi-Fi 6\/6E est-il bien meilleur que le Wi-Fi 5 ? Quelle est la diff\u00e9rence avec les anciennes versions du Wi-Fi ? Plus important encore, quelqu&rsquo;un qui est propri\u00e9taire d&rsquo;un r\u00e9seau devrait-il se pr\u00e9cipiter pour effectuer une mise \u00e0 niveau ?<\/p>\n\n\n\n<figure class=\"wp-block-image size-large\"><img decoding=\"async\" src=\"https:\/\/www.netally.com\/wp-content\/uploads\/Time-to-upgrade.png\" alt=\"\"\/><\/figure>\n<\/div>\n<\/div>\n\n\n\n<div class=\"wp-block-columns is-layout-flex wp-container-core-columns-is-layout-9d6595d7 wp-block-columns-is-layout-flex\">\n<div class=\"wp-block-column is-layout-flow wp-block-column-is-layout-flow\">\n<figure class=\"wp-block-image size-large is-resized\"><img decoding=\"async\" src=\"https:\/\/www.ekahau.com\/wp-content\/uploads\/2020\/04\/ekahau-dark.svg\" alt=\"\" style=\"width:347px;height:auto\"\/><\/figure>\n<\/div>\n\n\n\n<div class=\"wp-block-column is-layout-flow wp-block-column-is-layout-flow\">\n<figure class=\"wp-block-image size-large is-resized\"><img decoding=\"async\" src=\"https:\/\/www.ekahau.com\/wp-content\/uploads\/2022\/05\/AI-Pro-Laptopo-Wall-Calibration.png\" alt=\"\" style=\"width:189px;height:auto\"\/><\/figure>\n\n\n\n<p>Une Planification Wi-Fi puissante, une conception IA pour les r\u00e9seaux sans fil les plus fiables et les plus performants, y compris d\u00e9sormais 6 GHz (Wi-Fi 6E).<\/p>\n<\/div>\n<\/div>\n\n\n\n<div class=\"wp-block-columns is-layout-flex wp-container-core-columns-is-layout-9d6595d7 wp-block-columns-is-layout-flex\">\n<div class=\"wp-block-column is-layout-flow wp-block-column-is-layout-flow\"><div class=\"wp-block-image\">\n<figure class=\"alignleft size-large is-resized\"><img decoding=\"async\" src=\"data:image\/png;base64,iVBORw0KGgoAAAANSUhEUgAAACAAAAAgCAYAAABzenr0AAAHXElEQVRYhcWXa5AU5RWGn6+758rM7O7scie73IMoAYMoJCIJEgiJkmjQFAGkQNQUSKViBc2FVFCDZRW5GBJCaamAVspS4g8JqVIpMKUgEaNRw0XuILDsspe57UzPTHd\/Jz96d8OwSxQrl\/ff91V3n7fOec95+ygRoRMWcCOwGJgCDACC\/GdQBpqAPcBGYAfgAiAiiEhMRFaJSJP899HUGSsmIiAiVudF6ZN+wXVFPE8kk\/Ukk\/U+DYlSZ0xLicgsYDPQv7fcua5w4LDD2XMebSmP9pTG0zD3piiPP5ujpVVz\/71VjBhqXW5ZmoFFFn7New0OsHNXkV9uyJLOahxHcFyhtsZk6uQQ2Zyw++0if94eYMXSBEpdFoH+wGIDX3C94oMDZdZvzNHc4uE4vlgtU+F5Qkde6FtrIAKHjzsUbLnUZ\/4dplj4au+BM40u657Mcuq0i2H4d1qDCBRsIZvTDOhnEo8ZeB54ngCXlwJggMUlWu3v+8rs\/9CpuLtiVIDRIwLUJQ1GDQ8w\/sogo0cEqKkyCAYuOzhAUIlIRe4cR9j1Vom6WoP395fZ9HwH51s1nx8X5AfLqsh1aNraPQYNtEjEFC+8VOBsk0vDEIuFt8UY2N+8LAY9CLy80+bR32YYMshk+eIEZUd4cVueebfEOHLcYeNzHeTymtnTI8y+McoDD7eTyQmmAdO+EObBldVUJYxPTKDiyfcPlNmwOUc6o9l30GH12jSptOaRH9cQCime2dJBe1rjONDSponHFJGwgaHAMmFEg8XpRpfX9xS7Rftx6G7epvMev3uqUnRtKY+WNo9MVqiKG9w8M8qWrXmyOeF8m0fAUkQjCk8Ls6ZGmfnlCI89kWX\/h2UWzI2xYG6MpvMepxtdCgVhQH+TsaMDhIKqJ4FDxxz2H3IqennmtAhTJ4d55DdplIK7FsSpH2zx9HM5BvU3iccUc2+Ocuiow+3f6MOL2wq89U4JrWHL1jyTrg7xx615drxRRAtEworv3ZXg1q9HexKIxwyClsJGEIFE3GDOV6O88prNm2+XEIHmFo977ojz6KokdUmDfnUm878Vw\/OEXXtLbNtewPUAEToKQiajSSQMLAv6RA0iEUXB1r2XoG\/SIBRSkPPPWgvFkpBKa1xPMA3FwSMOz27Js25NskJolqUYNTzAF68NoT3oW2vSr85keINF\/RCL668Nk4grApYiElFoTXeZuwn0iRr0iSpcVzBN\/yG7KDQMsRg0wKJvrUGy2mTKNSGikZ49P7C\/yYolCZpbPXI5IZPTZHIaz4Nt2wu0tHq0tmuGfsbioR9Wk4gZlQQiEcWcWVFSGU1drUFNlcG4K4JMmgDXTQwB0JHXcAlx27awYXOOPX8r4TiCXRQW3hZj7OgAO94oUir5L3qeUCwKidhFGQiHFJMnhjh20iWT0xw76RIOKaqrDNY\/7fuBXRQiYcWaH9Vw9bjKAep5guMI6YxGKf+cSmsScYNIWHW3pV30x3i\/OrOSgFKw\/XWbzc93oDWUysI3Z0eZPT3CkeMOHXlfnIMHmjiucPSEQ7LaJNZHsXtviTPnXO6cH6e2xuSlVwoYhmLi+CDtKa9iJpTKQkubZuSwizLQpQPX9QUSsBRt7Zq6WpPBAy0OHnGoiiu+uyhONqdZvTbNmJEBli2Os+6pLKfPuky\/PsKib8cYWm9RsH39rHksjV0UlPKNzDBURatXEKhLGgSDvhCV8m322EmHlcsTPPFMjglXhagfbPHzX6c50+gPLM+DaFjhuPDqX2wam1x+8v1qRg2z+NXjWQ4fczE77cE0YM6sKBOu+lf5KkZxstogYPlMlYJUWrN2fZb39pX52coabvlalCf\/kOPIcRfTVNhFIV8QapMmogXd+Z7W8N6+MrO+FGHGtLBPVMPUyWEWz4sRDqneCQxvCDBmVIAue+oi8dd3Sijln68ZHyJZY3Sf7aIwvMFiWH2AqdeFWLE0wbsflLj\/oRQv77S5e2GcRbfHmDQhyLIlcZLVlUbVww1PfOSyYVOO13bblMswZKDJqvuqOXTUYffeIku+E0drobHJo6baYPyVfjpb2zXaEw4dc\/n9xiyt7RrThMkTQ9xzR5xBA0zqkj2tusef5LB6i5\/eV8Wweott2wvcvTBOvqDZ\/EIH7SlNY3Oam74SJRJRnPioTDikKDuwfmOWXE7oyGvsomAYfine\/UeZs+c8Pje29xVDiUiJXv6Kyo5w6rRLwRYe\/EWa46d80XXlSwQcV1g6P86YkQFWr01TKkt3aQAMBfNujbF8Sbyi7heGMfA3lh4IBvz5Ho2o7pp3iVMpv1UtU9Ge8kjEO32kE1pfWnQX4ZyBvy5dEqOGB3j4Ab8DQiHfI7oCeFpobvV\/TKoSiqqE75AjhlrMuCHMvXcmeojuIuz52MWkCwVb2PKnPNteLdAnalCXNKipNvjsiAAzbohw8IhDJKyorTGIRv3x25tpXYBmYNFlrWauJ9KW8iSd9cS2tXifaiurXM3+78upkv\/tev4msIkL1vN\/AgXBE+fLVZjeAAAAAElFTkSuQmCC\" alt=\"\" style=\"width:67px;height:auto\"\/><\/figure>\n<\/div><\/div>\n\n\n\n<div class=\"wp-block-column is-layout-flow wp-block-column-is-layout-flow\">\n<p>Conception de r\u00e9seau sans fil simple et rapide.<br>Hamina Wireless cr\u00e9e des outils pour concevoir et analyser un moyen d&rsquo;am\u00e9liorer le Wi-Fi, la 5G priv\u00e9e et l&rsquo;IoT sans fil.<\/p>\n<\/div>\n<\/div>\n\n\n\n<div class=\"wp-block-columns is-layout-flex wp-container-core-columns-is-layout-9d6595d7 wp-block-columns-is-layout-flex\">\n<div class=\"wp-block-column is-layout-flow wp-block-column-is-layout-flow\">\n<div class=\"wp-block-columns is-layout-flex wp-container-core-columns-is-layout-9d6595d7 wp-block-columns-is-layout-flex\">\n<div class=\"wp-block-column is-layout-flow wp-block-column-is-layout-flow\" style=\"flex-basis:100%\">\n<figure class=\"wp-block-image size-large is-resized\"><img decoding=\"async\" src=\"https:\/\/oscium.com\/wp-content\/uploads\/2022\/07\/1E9A9040_JPG-scaled.webp\" alt=\"\" style=\"width:144px;height:auto\"\/><\/figure>\n<\/div>\n<\/div>\n<\/div>\n\n\n\n<div class=\"wp-block-column is-layout-flow wp-block-column-is-layout-flow\">\n<p>Analyseur de spectre avec prise en charge Wi-Fi 6\/6E.<\/p>\n\n\n\n<p>Vision professionnelle pour le professionnel du sans fil&nbsp;<\/p>\n\n\n\n<ul class=\"wp-block-list\">\n<li>Analyseur de spectre Wi-Fi 7 avec prise en charge h\u00e9rit\u00e9e (2,4 et 5 GHz)<\/li>\n\n\n\n<li>Visualise tous les signaux RF (2,4-2,5 GHz, 5,145-5,860 GHz et 5,925-7,125 GHz)<\/li>\n\n\n\n<li>Analyser et d\u00e9panner le Wi-Fi <\/li>\n\n\n\n<li><a rel=\"noreferrer noopener\" href=\"https:\/\/www.dropbox.com\/s\/4vq0shyhejyt08u\/WiPryInstaller_3_02.exe\" target=\"_blank\"><\/a>Assistance&nbsp;<a rel=\"noreferrer noopener\" href=\"https:\/\/www.dropbox.com\/s\/4vq0shyhejyt08u\/WiPryInstaller_3_02.exe\" target=\"_blank\">PC<\/a>&nbsp;et&nbsp;<a rel=\"noreferrer noopener\" href=\"https:\/\/oscium.com\/WiPry_3_03.dmg\" target=\"_blank\">Mac<\/a><\/li>\n<\/ul>\n<\/div>\n<\/div>\n\n\n\n<div class=\"wp-block-columns is-layout-flex wp-container-core-columns-is-layout-9d6595d7 wp-block-columns-is-layout-flex\">\n<div class=\"wp-block-column is-layout-flow wp-block-column-is-layout-flow\">\n<figure class=\"wp-block-image size-large is-resized\"><img decoding=\"async\" src=\"https:\/\/www.accessagility.com\/hubfs\/image-png-Jan-26-2021-06-02-40-83-PM.png\" alt=\"\" style=\"width:465px;height:auto\"\/><\/figure>\n<\/div>\n\n\n\n<div class=\"wp-block-column is-layout-flow wp-block-column-is-layout-flow\">\n<p>WiFi Scanner dispose de tous les outils et int\u00e9grations dont vous avez besoin pour la d\u00e9couverte des points d&rsquo;acc\u00e8s, la planification des canaux, les tests de vitesse, la num\u00e9risation \u00e0 distance et l&rsquo;analyse de la capture de paquets. Enfin, un scanner Wi-Fi \u00e0 la fois puissant et facile \u00e0 utiliser.<\/p>\n<\/div>\n<\/div>\n\n\n\n<div class=\"wp-block-columns is-layout-flex wp-container-core-columns-is-layout-9d6595d7 wp-block-columns-is-layout-flex\">\n<div class=\"wp-block-column is-layout-flow wp-block-column-is-layout-flow\">\n<figure class=\"wp-block-image size-large is-resized\"><img decoding=\"async\" src=\"https:\/\/allegro-packets.com\/files\/layout_webseite\/img\/Logo_Allegro_Packets_ohne_Schutzraum.svg\" alt=\"\" style=\"width:211px;height:auto\"\/><\/figure>\n\n\n\n<figure class=\"wp-block-embed is-type-video is-provider-youtube wp-block-embed-youtube wp-embed-aspect-16-9 wp-has-aspect-ratio\"><div class=\"wp-block-embed__wrapper\">\n<div class=\"nv-iframe-embed\"><iframe loading=\"lazy\" title=\"Allegro Firmware release 4.0 - Wifi Analysis\" width=\"1200\" height=\"675\" src=\"https:\/\/www.youtube.com\/embed\/ZEg10U0YkUs?feature=oembed\" frameborder=\"0\" allow=\"accelerometer; autoplay; clipboard-write; encrypted-media; gyroscope; picture-in-picture; web-share\" referrerpolicy=\"strict-origin-when-cross-origin\" allowfullscreen><\/iframe><\/div>\n<\/div><\/figure>\n<\/div>\n\n\n\n<div class=\"wp-block-column is-layout-flow wp-block-column-is-layout-flow\">\n<p><strong>La sonde r\u00e9seau Allegro passe au WiFI -6\/6E! &#8211;<\/strong><br>La version 4.0 du logiciels d&rsquo;analyse de r\u00e9seau Allegro Packets permet l&rsquo;analyse du r\u00e9seau sans fil.<\/p>\n\n\n\n<p><strong>Allegro Packets, sp\u00e9cialiste de l&rsquo;analyse et du d\u00e9pannage de r\u00e9seau, a publi\u00e9 une mise \u00e0 jour logicielle qui \u00e9tend les capacit\u00e9s du multim\u00e8tre de r\u00e9seau Allegro.&nbsp;La mise \u00e0 jour 4.0 permet aux utilisateurs de mesurer le trafic r\u00e9seau filaire et d&rsquo;analyser les r\u00e9seaux WIFI sans fil en utilisant un adaptateur de capture WiFi USB\/USBc externe pour le multim\u00e8tre r\u00e9seau Allegro.<\/strong><\/p>\n<\/div>\n<\/div>\n\n\n\n<p><\/p>\n\n\n\n<p>&nbsp;<a rel=\"noreferrer noopener\" href=\"https:\/\/calendly.com\/didier-saulais\/30min?month=2022-03\" target=\"_blank\">30 Minute Meeting<\/a> <a href=\"mailto:didier.saulais@wd4u.fr\">didier.saulais@wd4u.fr<\/a> Tel +33 6 82906867<br>Pour une information, un rendez-vous afin d\u2019\u00e9tudier la meilleure solution r\u00e9pondant \u00e0 vos attentes<\/p>\n","protected":false},"excerpt":{"rendered":"<p>Sidekick 2Le plus pr\u00e9cis des appareils de mesure Wi-Fi optimis\u00e9 pour 6 GHz (Wi-Fi 6E\/7), 5 GHz et 2,4 GHz.Pour valider et visualiser tous vos d\u00e9ploiements Wifi professionnels Nouveaut\u00e9 D\u00e9couvrez les nouveaut\u00e9s, posez des questions et obtenez des r\u00e9ponses !2025 Sidos.com\u00a0construit des outils Wi-Fi de qualit\u00e9 professionnelle, puissants, pr\u00e9cis, mais intuitifs et faciles \u00e0 utiliser.&hellip;&nbsp;<a href=\"https:\/\/wd4u.fr\/?page_id=585\" rel=\"bookmark\">Lire la suite &raquo;<span class=\"screen-reader-text\">Nos Produits Wi-Fi 7<\/span><\/a><\/p>\n","protected":false},"author":2,"featured_media":0,"parent":0,"menu_order":0,"comment_status":"closed","ping_status":"closed","template":"","meta":{"neve_meta_sidebar":"","neve_meta_container":"","neve_meta_enable_content_width":"","neve_meta_content_width":0,"neve_meta_title_alignment":"","neve_meta_author_avatar":"","neve_post_elements_order":"","neve_meta_disable_header":"","neve_meta_disable_footer":"","neve_meta_disable_title":"","footnotes":""},"class_list":["post-585","page","type-page","status-publish","hentry"],"_links":{"self":[{"href":"https:\/\/wd4u.fr\/index.php?rest_route=\/wp\/v2\/pages\/585","targetHints":{"allow":["GET"]}}],"collection":[{"href":"https:\/\/wd4u.fr\/index.php?rest_route=\/wp\/v2\/pages"}],"about":[{"href":"https:\/\/wd4u.fr\/index.php?rest_route=\/wp\/v2\/types\/page"}],"author":[{"embeddable":true,"href":"https:\/\/wd4u.fr\/index.php?rest_route=\/wp\/v2\/users\/2"}],"replies":[{"embeddable":true,"href":"https:\/\/wd4u.fr\/index.php?rest_route=%2Fwp%2Fv2%2Fcomments&post=585"}],"version-history":[{"count":16,"href":"https:\/\/wd4u.fr\/index.php?rest_route=\/wp\/v2\/pages\/585\/revisions"}],"predecessor-version":[{"id":1109,"href":"https:\/\/wd4u.fr\/index.php?rest_route=\/wp\/v2\/pages\/585\/revisions\/1109"}],"wp:attachment":[{"href":"https:\/\/wd4u.fr\/index.php?rest_route=%2Fwp%2Fv2%2Fmedia&parent=585"}],"curies":[{"name":"wp","href":"https:\/\/api.w.org\/{rel}","templated":true}]}}