{"id":682,"date":"2023-05-22T19:39:08","date_gmt":"2023-05-22T17:39:08","guid":{"rendered":"https:\/\/wd4u.fr\/?page_id=682"},"modified":"2026-02-13T16:42:20","modified_gmt":"2026-02-13T15:42:20","slug":"outils-reseaux-lan-wifi-manages-avec-une-tablette-ou-smartphone","status":"publish","type":"page","link":"https:\/\/wd4u.fr\/?page_id=682","title":{"rendered":"Outils r\u00e9seaux Lan &amp; Wi-Fi manag\u00e9s avec une tablette ou smartphone"},"content":{"rendered":"\n<div class=\"wp-block-columns is-layout-flex wp-container-core-columns-is-layout-9d6595d7 wp-block-columns-is-layout-flex\">\n<div class=\"wp-block-column is-layout-flow wp-block-column-is-layout-flow\" style=\"flex-basis:100%\">\n<div class=\"wp-block-columns is-layout-flex wp-container-core-columns-is-layout-9d6595d7 wp-block-columns-is-layout-flex\">\n<div class=\"wp-block-column is-layout-flow wp-block-column-is-layout-flow\">\n<p><a href=\"https:\/\/www.ekahau.com\/products\/ekahau-connect\/survey\/\">Survey Ekahau Inclus dans l&rsquo;abonnement Connect<\/a> <\/p>\n\n\n<div class=\"wp-block-image\">\n<figure class=\"aligncenter size-large is-resized\"><img decoding=\"async\" src=\"https:\/\/www.ekahau.com\/wp-content\/uploads\/2022\/07\/Male-dongle-vs-sidekick2-ai.png\" alt=\"\" style=\"width:413px;height:270px\"\/><\/figure>\n<\/div><\/div>\n\n\n\n<div class=\"wp-block-column is-layout-flow wp-block-column-is-layout-flow\">\n<p>Ekahau Survey est une application d&rsquo;enqu\u00eate Wi-Fi compl\u00e8te optimis\u00e9e pour les appareils mobiles l\u00e9gers.&nbsp;En tirant parti d&rsquo;Apple ARKit et LiDAR, Ekahau Survey offre une exp\u00e9rience utilisateur am\u00e9lior\u00e9e qui suivra, calibrera et apprendra vos mouvements pour les lectures RF les plus pr\u00e9cises \u00e0 chaque \u00e9tape &#8211; 30 mesures par seconde pour \u00eatre plus pr\u00e9cis. <\/p>\n\n\n\n<p>Connect\u00e9e \u00e0 Sidekick 2, l&rsquo;application mobile Ekahau Survey offre le moyen le plus intuitif, pr\u00e9cis et agr\u00e9able d&rsquo;enqu\u00eater sur les r\u00e9seaux sans fil. La facilit\u00e9 d&rsquo;utilisation du pilote automatique ainsi que les fonctionnalit\u00e9s avanc\u00e9es du mode Inspect* vous permettront d&rsquo;effectuer des relev\u00e9s plus rapidement et plus fr\u00e9quemment afin que vous ayez toujours acc\u00e8s \u00e0 des mesures \u00e0 jour.<\/p>\n<\/div>\n<\/div>\n<\/div>\n<\/div>\n\n\n\n<div class=\"wp-block-columns is-layout-flex wp-container-core-columns-is-layout-9d6595d7 wp-block-columns-is-layout-flex\">\n<div class=\"wp-block-column is-layout-flow wp-block-column-is-layout-flow\"><div class=\"wp-block-image\">\n<figure class=\"aligncenter size-large is-resized\"><img decoding=\"async\" src=\"https:\/\/www.sidos.com\/wp-content\/uploads\/2023\/07\/three-devices-sidos2-scaled.webp\" alt=\"\" style=\"width:294px;height:auto\"\/><\/figure>\n<\/div><\/div>\n\n\n\n<div class=\"wp-block-column is-layout-flow wp-block-column-is-layout-flow\">\n<p>Nouveaut\u00e9 2024<\/p>\n\n\n\n<p><a href=\"http:\/\/sidos.com\/\">Sidos.com<\/a>\u00a0<strong>construit des outils Wi-Fi de qualit\u00e9 professionnelle, puissants, pr\u00e9cis, mais intuitifs et faciles \u00e0 utiliser. Nous sommes passionn\u00e9s par l\u2019am\u00e9lioration du fonctionnement du Wi-Fi. Notre mission est d\u2019aider les professionnels du Wi-Fi<\/strong> <strong>\u00e0 r\u00e9soudre les d\u00e9fis Wi-Fi<\/strong> <strong>difficiles, en \u00e9liminant les incertitudes et les t\u00e2ches sans valeur ajout\u00e9e du processus<\/strong><\/p>\n<\/div>\n<\/div>\n\n\n\n<div class=\"wp-block-columns is-layout-flex wp-container-core-columns-is-layout-9d6595d7 wp-block-columns-is-layout-flex\">\n<div class=\"wp-block-column is-layout-flow wp-block-column-is-layout-flow\">\n<p><a href=\"https:\/\/www.ekahau.com\/products\/ekahau-connect\/analyzer\/\">Analyseur Ekahau Inclus dans l&rsquo;abonnement Connect<\/a> <\/p>\n\n\n<div class=\"wp-block-image\">\n<figure class=\"aligncenter size-large is-resized\"><img decoding=\"async\" src=\"https:\/\/www.ekahau.com\/wp-content\/uploads\/2022\/11\/analyzer-sidekick2-ipad-iphone@2x.png\" alt=\"\" style=\"width:365px;height:225px\"\/><\/figure>\n<\/div><\/div>\n\n\n\n<div class=\"wp-block-column is-layout-flow wp-block-column-is-layout-flow\">\n<p>Identifiez rapidement les sources d&rsquo;interf\u00e9rences sans fil et assurez le bon fonctionnement de votre entreprise<\/p>\n\n\n\n<p>Ekahau Analyzer valide automatiquement la sant\u00e9 de votre r\u00e9seau Wi-Fi en testant par rapport \u00e0 des exigences pr\u00e9d\u00e9finies et en affichant les r\u00e9sultats avec des indications de r\u00e9ussite\/\u00e9chec claires et faciles \u00e0 comprendre. Obtenez un diagnostic instantan\u00e9<\/p>\n<\/div>\n<\/div>\n\n\n\n<div class=\"wp-block-columns is-layout-flex wp-container-core-columns-is-layout-9d6595d7 wp-block-columns-is-layout-flex\">\n<div class=\"wp-block-column is-layout-flow wp-block-column-is-layout-flow\">\n<p><a href=\"https:\/\/netool.io\/pro\/\"><strong>Testeur de r\u00e9seau de poche netool.io Pro2<\/strong><\/a> <\/p>\n\n\n<div class=\"wp-block-image\">\n<figure class=\"aligncenter size-large is-resized\"><img decoding=\"async\" src=\"https:\/\/netool.io\/wp-content\/uploads\/2023\/03\/netool_pro2_hero3.png\" alt=\"\" style=\"width:248px;height:375px\"\/><\/figure>\n<\/div><\/div>\n\n\n\n<div class=\"wp-block-column is-layout-flow wp-block-column-is-layout-flow\">\n<p><strong>D\u00e9tection de ports et de VLAN<\/strong> D\u00e9tectez le port, la gestion des commutateurs, l&rsquo;ID VLAN et plus encore \u00e0 l&rsquo;aide de LLDP\/CDP\/EDP\/FDP <\/p>\n\n\n\n<p><strong>Test DHCP<\/strong> Testez et d\u00e9tectez l&rsquo;adresse DHCP, le serveur DHCP, la dur\u00e9e de bail DHCP, les options DHCP et plus encore. <\/p>\n\n\n\n<p><strong>D\u00e9tection de VLAN balis\u00e9<\/strong> D\u00e9tecter les identifiants de VLAN 802.1q marqu\u00e9s actifs en direct.<\/p>\n\n\n\n<p><strong>Test de connectivit\u00e9<\/strong> Testez la connectivit\u00e9 via iCMP, http trace-route et plus encore. <\/p>\n\n\n\n<p><strong>Cartographie r\u00e9seau avec analyse ARP<\/strong> Balayage automatique des ports ARP et TCP. Aucune limite de taille de sous-r\u00e9seau.<\/p>\n\n\n\n<p><strong>et beaucoup plus.<\/strong><br>Nous mettons constamment \u00e0 jour et ajoutons des fonctionnalit\u00e9s. Si vous avez une demande de fonctionnalit\u00e9, veuillez nous contacter <\/p>\n\n\n\n<ul class=\"wp-block-list\">\n<li>Outil de d\u00e9couverte et d&rsquo;automatisation r\u00e9seau dans votre poche.<a href=\"https:\/\/netool.io\/pro\/#blewifi\"><br>Bluetooth &amp; Wi-Fi Connectivity to App<\/a><\/li>\n\n\n\n<li><strong>Network automation using SSH in your pocket<\/strong><\/li>\n\n\n\n<li><a href=\"https:\/\/netool.io\/pro\/#untagged\">Auto configure untagged ports<\/a><\/li>\n\n\n\n<li><a href=\"https:\/\/netool.io\/pro\/#tagged\">Auto configure tagged VLANs ports<\/a><\/li>\n\n\n\n<li><a href=\"https:\/\/netool.io\/pro\/#ifthen\">Custom IF\/THEN templates<\/a><\/li>\n\n\n\n<li><a href=\"https:\/\/netool.io\/pro\/#pcap\">PCAP Capture and review<\/a><\/li>\n\n\n\n<li><a href=\"https:\/\/netool.io\/pro\/#queue\">Auto queue ports for configuration<\/a><\/li>\n\n\n\n<li><a href=\"https:\/\/netool.io\/pro\/#8021x\">802.1X Testing<\/a><\/li>\n\n\n\n<li><strong>and much more<\/strong><\/li>\n<\/ul>\n<\/div>\n<\/div>\n\n\n\n<div class=\"wp-block-columns is-layout-flex wp-container-core-columns-is-layout-9d6595d7 wp-block-columns-is-layout-flex\">\n<div class=\"wp-block-column is-layout-flow wp-block-column-is-layout-flow\">\n<p><a href=\"https:\/\/www.netally.com\/products\/linksprinter\/?gclid=CjwKCAjwpayjBhAnEiwA-7ena0IH3kRZCKDllX1DYuMgONTvjNbcExiSgV99rOnygBQYxVTUwS9BURoClzcQAvD_BwE\"><strong>Testeur de r\u00e9seau de poche<\/strong> <strong>LinkSprinter<\/strong><\/a> <\/p>\n\n\n<div class=\"wp-block-image\">\n<figure class=\"aligncenter size-large is-resized\"><img decoding=\"async\" src=\"https:\/\/mlyqxhs8ijge.i.optimole.com\/w:auto\/h:auto\/q:90\/f:avif\/https:\/\/www.netally.com\/wp-content\/uploads\/2019\/06\/006LinkSprinter.png\" alt=\"\" style=\"width:108px;height:217px\"\/><\/figure>\n<\/div><\/div>\n\n\n\n<div class=\"wp-block-column is-layout-flow wp-block-column-is-layout-flow\">\n<p><strong>Principales caract\u00e9ristiques<\/strong><\/p>\n\n\n\n<p>D\u00e9couvrez le nom du commutateur le plus proche et les informations de port via CDP\/LLDP\/EDP, <\/p>\n\n\n\n<p>V\u00e9rifiez la vitesse de liaison\/duplex et la connectivit\u00e9 aux r\u00e9seaux TCP\/IP.<\/p>\n\n\n\n<p>Validez la tension Power-over-Ethernet (PoE) de l&rsquo;\u00e9quipement d&rsquo;alimentation (PSE) conform\u00e9ment aux normes 802.3af\/at.<\/p>\n\n\n\n<p>Affichez les r\u00e9sultats de test d\u00e9taill\u00e9s, <\/p>\n\n\n\n<p>Ajoutez des commentaires <\/p>\n\n\n\n<p>Ex\u00e9cutez des tests de c\u00e2ble \u00e0 l&rsquo;aide de votre appareil mobile sur un point d&rsquo;acc\u00e8s Wi-Fi int\u00e9gr\u00e9 au LinkSprinter.<\/p>\n\n\n\n<p>Automatisez les rapports et activez la collaboration avec le t\u00e9l\u00e9chargement et la gestion des r\u00e9sultats des tests via le service gratuit Link-Live Cloud.<\/p>\n<\/div>\n<\/div>\n\n\n\n<div class=\"wp-block-columns is-layout-flex wp-container-core-columns-is-layout-9d6595d7 wp-block-columns-is-layout-flex\">\n<div class=\"wp-block-column is-layout-flow wp-block-column-is-layout-flow\">\n<p><a href=\"https:\/\/oscium.com\/products\/wipry-clarity\/\">WiPry Clarity&nbsp;(analyseur de spectre Wi-Fi 2,2 \u2013 7,25 GHz).<\/a> <\/p>\n\n\n<div class=\"wp-block-image\">\n<figure class=\"aligncenter size-large is-resized\"><img decoding=\"async\" src=\"https:\/\/oscium.com\/wp-content\/uploads\/2022\/10\/1E9A9041_PNG-sm.png\" alt=\"\" style=\"width:150px;height:252px\"\/><\/figure>\n<\/div><\/div>\n\n\n\n<div class=\"wp-block-column is-layout-flow wp-block-column-is-layout-flow\">\n<p>Analyseur de spectre des offres Wi-Fi 7, y compris toutes les technologies  Wi-Fi h\u00e9rit\u00e9es.<br>Le logiciel WiPry Clarity visualise toutes les activit\u00e9s sans fil sur toutes les bandes ISM<br>(2,4-2,5 GHz, 5,145-5,860 GHz et 5,925-7,125 GHz).<br>Les param\u00e8tres de mesure incluent 802.11b, 802.11g, 802.11n, 802.11ac, 802.11ax et 802.15.4 (ZigBee).<br>Oscium fournit un outil Wi-Fi professionnel pour r\u00e9soudre tous vos probl\u00e8mes sans fil. Visualisez votre r\u00e9seau comme jamais auparavant.<\/p>\n<\/div>\n<\/div>\n","protected":false},"excerpt":{"rendered":"<p>Survey Ekahau Inclus dans l&rsquo;abonnement Connect Ekahau Survey est une application d&rsquo;enqu\u00eate Wi-Fi compl\u00e8te optimis\u00e9e pour les appareils mobiles l\u00e9gers.&nbsp;En tirant parti d&rsquo;Apple ARKit et LiDAR, Ekahau Survey offre une exp\u00e9rience utilisateur am\u00e9lior\u00e9e qui suivra, calibrera et apprendra vos mouvements pour les lectures RF les plus pr\u00e9cises \u00e0 chaque \u00e9tape &#8211; 30 mesures par seconde&hellip;&nbsp;<a href=\"https:\/\/wd4u.fr\/?page_id=682\" rel=\"bookmark\">Lire la suite &raquo;<span class=\"screen-reader-text\">Outils r\u00e9seaux Lan &amp; Wi-Fi manag\u00e9s avec une tablette ou smartphone<\/span><\/a><\/p>\n","protected":false},"author":2,"featured_media":0,"parent":0,"menu_order":0,"comment_status":"closed","ping_status":"closed","template":"","meta":{"neve_meta_sidebar":"","neve_meta_container":"","neve_meta_enable_content_width":"","neve_meta_content_width":0,"neve_meta_title_alignment":"","neve_meta_author_avatar":"","neve_post_elements_order":"","neve_meta_disable_header":"","neve_meta_disable_footer":"","neve_meta_disable_title":"","footnotes":""},"class_list":["post-682","page","type-page","status-publish","hentry"],"_links":{"self":[{"href":"https:\/\/wd4u.fr\/index.php?rest_route=\/wp\/v2\/pages\/682","targetHints":{"allow":["GET"]}}],"collection":[{"href":"https:\/\/wd4u.fr\/index.php?rest_route=\/wp\/v2\/pages"}],"about":[{"href":"https:\/\/wd4u.fr\/index.php?rest_route=\/wp\/v2\/types\/page"}],"author":[{"embeddable":true,"href":"https:\/\/wd4u.fr\/index.php?rest_route=\/wp\/v2\/users\/2"}],"replies":[{"embeddable":true,"href":"https:\/\/wd4u.fr\/index.php?rest_route=%2Fwp%2Fv2%2Fcomments&post=682"}],"version-history":[{"count":8,"href":"https:\/\/wd4u.fr\/index.php?rest_route=\/wp\/v2\/pages\/682\/revisions"}],"predecessor-version":[{"id":1112,"href":"https:\/\/wd4u.fr\/index.php?rest_route=\/wp\/v2\/pages\/682\/revisions\/1112"}],"wp:attachment":[{"href":"https:\/\/wd4u.fr\/index.php?rest_route=%2Fwp%2Fv2%2Fmedia&parent=682"}],"curies":[{"name":"wp","href":"https:\/\/api.w.org\/{rel}","templated":true}]}}