{"id":756,"date":"2023-08-03T12:47:26","date_gmt":"2023-08-03T10:47:26","guid":{"rendered":"https:\/\/wd4u.fr\/?page_id=756"},"modified":"2025-12-09T16:41:04","modified_gmt":"2025-12-09T15:41:04","slug":"services","status":"publish","type":"page","link":"https:\/\/wd4u.fr\/?page_id=756","title":{"rendered":"Services"},"content":{"rendered":"\n<p>La devise de <strong>WD4U<\/strong>, <em>\u201cWe Do For You\u201d<\/em>, signifie <strong>\u00ab Nous faisons pour vous \u00bb<\/strong>. Elle traduit notre engagement profond : prendre en charge les besoins de nos clients et leur fournir des solutions concr\u00e8tes, performantes et adapt\u00e9es.<br>Cette expression refl\u00e8te notre <strong>orientation client<\/strong> et notre volont\u00e9 d\u2019accompagner chaque projet avec expertise, disponibilit\u00e9 et r\u00e9activit\u00e9, afin de garantir des r\u00e9sultats fiables et durables. <\/p>\n\n\n\n<div class=\"wp-block-buttons is-layout-flex wp-block-buttons-is-layout-flex\">\n<div class=\"wp-block-button is-style-primary\"><a class=\"wp-block-button__link wp-element-button\" href=\"https:\/\/wd4u.fr\/?page_id=253\">La vente de solution simples et efficaces<\/a><\/div>\n\n\n\n<div class=\"wp-block-button is-style-default\"><a class=\"wp-block-button__link wp-element-button\" href=\"https:\/\/wd4u.fr\/?page_id=66\">La formation prise en main<\/a><\/div>\n\n\n\n<div class=\"wp-block-button is-style-primary\"><a class=\"wp-block-button__link wp-element-button\" href=\"https:\/\/wd4u.fr\/?page_id=85\">L&rsquo;Audit et Expertise<\/a><\/div>\n\n\n\n<div class=\"wp-block-button is-style-default\"><a class=\"wp-block-button__link wp-element-button\">Le Support et la Maintenance<\/a><\/div>\n<\/div>\n\n\n<div class=\"wp-block-image\">\n<figure class=\"aligncenter size-full\"><img loading=\"lazy\" decoding=\"async\" width=\"894\" height=\"451\" src=\"https:\/\/wd4u.fr\/wp-content\/uploads\/2022\/06\/cropped-cropped-bandeau.png\" alt=\"WD4U\" class=\"wp-image-621\" srcset=\"https:\/\/wd4u.fr\/wp-content\/uploads\/2022\/06\/cropped-cropped-bandeau.png 894w, https:\/\/wd4u.fr\/wp-content\/uploads\/2022\/06\/cropped-cropped-bandeau-300x151.png 300w, https:\/\/wd4u.fr\/wp-content\/uploads\/2022\/06\/cropped-cropped-bandeau-768x387.png 768w\" sizes=\"auto, (max-width: 894px) 100vw, 894px\" \/><\/figure>\n<\/div>\n\n\n<p><strong>Pourquoi Choisir Wifi Design 4 Usages ?<\/strong><\/p>\n\n\n\n<ul class=\"wp-block-list\">\n<li><strong>Solutions sur-mesure<\/strong> : des r\u00e9seaux con\u00e7us pour vos besoins sp\u00e9cifiques et vos usages critiques.<\/li>\n\n\n\n<li><strong>Performance optimis\u00e9e<\/strong> : couverture maximale, vitesse et fiabilit\u00e9 garanties.<\/li>\n\n\n\n<li><strong>S\u00e9curit\u00e9 avanc\u00e9e<\/strong> : protection de vos donn\u00e9es et infrastructures sensibles.<\/li>\n\n\n\n<li><strong>Disponibilit\u00e9 continue<\/strong> : surveillance proactive pour un r\u00e9seau toujours op\u00e9rationnel.<\/li>\n\n\n\n<li><strong>Expertise reconnue<\/strong> : une \u00e9quipe d\u2019experts d\u00e9di\u00e9e \u00e0 votre succ\u00e8s.<\/li>\n<\/ul>\n\n\n\n<p><strong>WD4U<\/strong> vous accompagne pour concevoir, d\u00e9ployer et g\u00e9rer des r\u00e9seaux Cuivre, Fibre et Wi-Fi performants et s\u00e9curis\u00e9s. Avec nous, votre entreprise profite d\u2019une connectivit\u00e9 fiable, intelligente et pr\u00eate pour l\u2019avenir.<\/p>\n\n\n\n<div class=\"wp-block-buttons is-layout-flex wp-block-buttons-is-layout-flex\">\n<div class=\"wp-block-button is-style-secondary\"><a class=\"wp-block-button__link wp-element-button\" href=\"https:\/\/wd4u.fr\/?page_id=183\">Contactez-nous<\/a><\/div>\n<\/div>\n\n\n\n<div class=\"wp-block-buttons is-layout-flex wp-block-buttons-is-layout-flex\">\n<div class=\"wp-block-button\"><a class=\"wp-block-button__link wp-element-button\">Analyse de Spectre Wifi<\/a><\/div>\n\n\n\n<div class=\"wp-block-button\"><a class=\"wp-block-button__link wp-element-button\">Infrastructure Wifi<\/a><\/div>\n\n\n\n<div class=\"wp-block-button\"><a class=\"wp-block-button__link wp-element-button\">Design Wifi<\/a><\/div>\n\n\n\n<div class=\"wp-block-button\"><a class=\"wp-block-button__link wp-element-button\">Installation et Configuration <\/a><\/div>\n\n\n\n<div class=\"wp-block-button\"><a class=\"wp-block-button__link wp-element-button\">Support et Maintenance<\/a><\/div>\n\n\n\n<div class=\"wp-block-button\"><a class=\"wp-block-button__link wp-element-button\">Audit de S\u00e9curit\u00e9<\/a><\/div>\n\n\n\n<div class=\"wp-block-button\"><a class=\"wp-block-button__link wp-element-button\">Gestion des Performances<\/a><\/div>\n\n\n\n<div class=\"wp-block-button\"><a class=\"wp-block-button__link wp-element-button\">Expertise Wifi<\/a><\/div>\n\n\n\n<div class=\"wp-block-button\"><a class=\"wp-block-button__link wp-element-button\">Comprendre Wifi 6 &#8211; Wifi 6e &#8211; <strong>Wifi<\/strong> 7<\/a><\/div>\n<\/div>\n\n\n\n<p><\/p>\n","protected":false},"excerpt":{"rendered":"<p>La devise de WD4U, \u201cWe Do For You\u201d, signifie \u00ab Nous faisons pour vous \u00bb. Elle traduit notre engagement profond : prendre en charge les besoins de nos clients et leur fournir des solutions concr\u00e8tes, performantes et adapt\u00e9es.Cette expression refl\u00e8te notre orientation client et notre volont\u00e9 d\u2019accompagner chaque projet avec expertise, disponibilit\u00e9 et r\u00e9activit\u00e9, afin&hellip;&nbsp;<a href=\"https:\/\/wd4u.fr\/?page_id=756\" rel=\"bookmark\">Lire la suite &raquo;<span class=\"screen-reader-text\">Services<\/span><\/a><\/p>\n","protected":false},"author":2,"featured_media":0,"parent":0,"menu_order":0,"comment_status":"closed","ping_status":"closed","template":"","meta":{"neve_meta_sidebar":"","neve_meta_container":"","neve_meta_enable_content_width":"","neve_meta_content_width":0,"neve_meta_title_alignment":"","neve_meta_author_avatar":"","neve_post_elements_order":"","neve_meta_disable_header":"","neve_meta_disable_footer":"","neve_meta_disable_title":"","footnotes":""},"class_list":["post-756","page","type-page","status-publish","hentry"],"_links":{"self":[{"href":"https:\/\/wd4u.fr\/index.php?rest_route=\/wp\/v2\/pages\/756","targetHints":{"allow":["GET"]}}],"collection":[{"href":"https:\/\/wd4u.fr\/index.php?rest_route=\/wp\/v2\/pages"}],"about":[{"href":"https:\/\/wd4u.fr\/index.php?rest_route=\/wp\/v2\/types\/page"}],"author":[{"embeddable":true,"href":"https:\/\/wd4u.fr\/index.php?rest_route=\/wp\/v2\/users\/2"}],"replies":[{"embeddable":true,"href":"https:\/\/wd4u.fr\/index.php?rest_route=%2Fwp%2Fv2%2Fcomments&post=756"}],"version-history":[{"count":13,"href":"https:\/\/wd4u.fr\/index.php?rest_route=\/wp\/v2\/pages\/756\/revisions"}],"predecessor-version":[{"id":1061,"href":"https:\/\/wd4u.fr\/index.php?rest_route=\/wp\/v2\/pages\/756\/revisions\/1061"}],"wp:attachment":[{"href":"https:\/\/wd4u.fr\/index.php?rest_route=%2Fwp%2Fv2%2Fmedia&parent=756"}],"curies":[{"name":"wp","href":"https:\/\/api.w.org\/{rel}","templated":true}]}}