{"id":969,"date":"2024-09-11T15:06:13","date_gmt":"2024-09-11T13:06:13","guid":{"rendered":"https:\/\/wd4u.fr\/?page_id=969"},"modified":"2024-09-25T11:47:34","modified_gmt":"2024-09-25T09:47:34","slug":"nos-solutions-5g","status":"publish","type":"page","link":"https:\/\/wd4u.fr\/?page_id=969","title":{"rendered":"Nos Solutions 5G"},"content":{"rendered":"\n<h2 class=\"wp-block-heading\">Scanner compact pour tests multi op\u00e9rateurs 2G-5G<\/h2>\n\n\n\n<figure class=\"wp-block-embed is-type-video is-provider-youtube wp-block-embed-youtube wp-embed-aspect-16-9 wp-has-aspect-ratio\"><div class=\"wp-block-embed__wrapper\">\n<div class=\"nv-iframe-embed\"><iframe loading=\"lazy\" title=\"Public Safety Network Testing Solution - Verify and Document Critical Communications Coverage\" width=\"1200\" height=\"675\" src=\"https:\/\/www.youtube.com\/embed\/CrMFpe43ewQ?feature=oembed\" frameborder=\"0\" allow=\"accelerometer; autoplay; clipboard-write; encrypted-media; gyroscope; picture-in-picture; web-share\" referrerpolicy=\"strict-origin-when-cross-origin\" allowfullscreen><\/iframe><\/div>\n<\/div><\/figure>\n\n\n<div class=\"wp-block-image\">\n<figure class=\"aligncenter size-large is-resized\"><img decoding=\"async\" src=\"https:\/\/d3dqzy9ky05fbv.cloudfront.net\/wp-content\/uploads\/2020\/07\/card-Public-Safety-Network-Testing-Solution.png\" alt=\"\" style=\"width:690px;height:auto\"\/><\/figure>\n<\/div>\n\n\n<h2 class=\"wp-block-heading\">Solution de test&nbsp;du r\u00e9seau de s\u00e9curit\u00e9 publique<\/h2>\n\n\n\n<h2 class=\"wp-block-heading\">Tester, v\u00e9rifier et documenter la couverture des communications critiques<\/h2>\n\n\n\n<p>Gr\u00e2ce \u00e0 la solution de test r\u00e9seau automatis\u00e9e de PCTEL, vous pouvez garantir la couverture des communications \u00e0 l&rsquo;int\u00e9rieur des b\u00e2timents tout en \u00e9conomisant du temps et de l&rsquo;argent. Testez simultan\u00e9ment plusieurs r\u00e9seaux de s\u00e9curit\u00e9 publique, cellulaires et priv\u00e9s \u00e0 l&rsquo;aide de m\u00e9thodes bas\u00e9es sur la grille ou le chemin. Automatisez les tests de mise en service BDA cl\u00e9s pour les syst\u00e8mes d&rsquo;am\u00e9lioration des communications critiques pour l&rsquo;entreprise et les intervenants d&rsquo;urgence (ERCES). Et g\u00e9n\u00e9rez automatiquement des rapports pouvant \u00eatre soumis pour la conformit\u00e9 aux exigences de la FCC et des codes locaux.<\/p>\n\n\n\n<p>Les kits comprennent notre logiciel SeeHawk\u00ae&nbsp;<em>Touch<\/em>&nbsp;bas\u00e9 sur tablette , un r\u00e9cepteur de num\u00e9risation l\u00e9ger IB&nbsp;<em>flex<\/em>&nbsp;\u00ae, un abonnement d&rsquo;un an \u00e0 la plate-forme de gestion de flux de travail automatis\u00e9e SeeHawk\u00ae&nbsp;<em>Central<\/em>&nbsp;et des accessoires pour les tests en b\u00e2timent, en ext\u00e9rieur ou en liaison montante.<\/p>\n\n\n\n<h1 class=\"wp-block-heading\">Logiciel&nbsp;SeeHawk&nbsp;<sup>\u00ae&nbsp;<\/sup><em>Touch<\/em><\/h1>\n\n\n\n<h2 class=\"wp-block-heading\">Tests de r\u00e9seau sans fil puissants et intuitifs sur une tablette Android\u2122<\/h2>\n\n\n\n<p>Optimisez les tests de r\u00e9seau sans fil \u00e0 l&rsquo;int\u00e9rieur et \u00e0 l&rsquo;ext\u00e9rieur des b\u00e2timents avec ce logiciel de collecte de donn\u00e9es et de cr\u00e9ation de rapports \u00e0 utiliser avec les r\u00e9cepteurs de balayage PCTEL&nbsp;<sup>\u00ae<\/sup>&nbsp;. Une interface tactile intuitive vous donne acc\u00e8s \u00e0 toutes les fonctionnalit\u00e9s de votre scanner, ainsi qu&rsquo;\u00e0 des outils faciles \u00e0 utiliser pour les tests en r\u00e9seau \u00e0 l&rsquo;int\u00e9rieur des b\u00e2timents, les tests de liaison montante radio, la mise en service BDA, le d\u00e9pannage et la cr\u00e9ation de rapports.<\/p>\n\n\n<div class=\"wp-block-image\">\n<figure class=\"aligncenter size-large\"><img decoding=\"async\" src=\"https:\/\/d3dqzy9ky05fbv.cloudfront.net\/wp-content\/uploads\/2020\/08\/Public-Safety-Floor-Report.png\" alt=\"\"\/><\/figure>\n<\/div>\n\n\n<h2 class=\"wp-block-heading\">SNYPER-5G Graphyte (GL) :<\/h2>\n\n\n<div class=\"wp-block-image\">\n<figure class=\"aligncenter size-large\"><img decoding=\"async\" src=\"https:\/\/www.siretta.com\/wp-content\/uploads\/2023\/04\/graphyte_kit_contents_500x500_full.jpg\" alt=\"\"\/><\/figure>\n<\/div>\n\n\n<figure class=\"wp-block-embed is-type-video is-provider-youtube wp-block-embed-youtube wp-embed-aspect-4-3 wp-has-aspect-ratio\"><div class=\"wp-block-embed__wrapper\">\n<div class=\"nv-iframe-embed\"><iframe loading=\"lazy\" title=\"SNYPER-5G - How to perform a 5G (SA) Scan\" width=\"1200\" height=\"900\" src=\"https:\/\/www.youtube.com\/embed\/ufT1LqfervE?feature=oembed\" frameborder=\"0\" allow=\"accelerometer; autoplay; clipboard-write; encrypted-media; gyroscope; picture-in-picture; web-share\" referrerpolicy=\"strict-origin-when-cross-origin\" allowfullscreen><\/iframe><\/div>\n<\/div><\/figure>\n\n\n\n<p><strong>Analyseur de Signaux Cellulaires Haute Performance<\/strong><\/p>\n\n\n\n<p>Le&nbsp;<strong>SNYPER-5G Graphyte (GL)<\/strong>&nbsp;est un analyseur de signaux r\u00e9seau et un enregistreur de signaux cellulaires multilingues de haute performance, con\u00e7u pour \u00e9tudier et enregistrer les r\u00e9seaux&nbsp;<strong>5G\/NR, 4G\/LTE, LTE-Cat M, NB-IoT et 2G\/GSM<\/strong>.<\/p>\n\n\n\n<h3 class=\"wp-block-heading\">Fonctionnalit\u00e9s Cl\u00e9s :<\/h3>\n\n\n\n<ul class=\"wp-block-list\">\n<li><strong>Relev\u00e9s Automatiques et S\u00e9quentiels<\/strong>&nbsp;: Effectuez des relev\u00e9s dans un emplacement fixe et enregistrez automatiquement les donn\u00e9es. Choisissez parmi quatre types de relev\u00e9s : un relev\u00e9 \u00ab&nbsp;COMPLET&nbsp;\u00bb (5G, 4G, CAT-M, NB-IoT, GSM combin\u00e9s) ou une seule technologie sp\u00e9cifique.<\/li>\n\n\n\n<li><strong>D\u00e9tection Avanc\u00e9e des R\u00e9seaux 5G<\/strong>&nbsp;: Le SNYPER-5G Graphyte (GL) peut d\u00e9tecter les cellules&nbsp;<strong>5G SA<\/strong>&nbsp;sans n\u00e9cessiter de carte SIM 5G. Pour analyser les cellules&nbsp;<strong>5G NSA<\/strong>, une carte SIM 5G valide est requise pour afficher les cellules du r\u00e9seau associ\u00e9.<\/li>\n\n\n\n<li><strong>Enregistrement et Visualisation de Donn\u00e9es<\/strong>&nbsp;: Enregistrez une grande quantit\u00e9 d\u2019enqu\u00eates avec diverses options et t\u00e9l\u00e9chargez tous les r\u00e9sultats sur un PC. Affichez les donn\u00e9es dans un format graphique HTML pour une analyse claire et approfondie. Identifiez les stations de base peu fiables et le service cellulaire intermittent gr\u00e2ce aux fichiers CSV d\u00e9taill\u00e9s.<\/li>\n\n\n\n<li><strong>Fonction liveSCAN de Siretta<\/strong>&nbsp;: S\u00e9lectionnez imm\u00e9diatement un signal de station de base apr\u00e8s une \u00e9tude et lancez une session d\u2019enregistrement liveSCAN, analysable ensuite dans un fichier CSV.<\/li>\n<\/ul>\n\n\n\n<h3 class=\"wp-block-heading\">Applications Pratiques :<\/h3>\n\n\n\n<ul class=\"wp-block-list\">\n<li><strong>Am\u00e9lioration de la Surveillance Cellulaire<\/strong>&nbsp;: Id\u00e9al pour la surveillance des installations cellulaires nouvelles et existantes sur les r\u00e9seaux&nbsp;<strong>5G, 4G, Cat M, NB-IoT et 2G<\/strong>.<\/li>\n\n\n\n<li><strong>\u00c9valuation des Op\u00e9rateurs de R\u00e9seaux Mobiles<\/strong>&nbsp;: Aidez \u00e0 s\u00e9lectionner l\u2019op\u00e9rateur mobile le plus fiable en \u00e9valuant les performances sur des p\u00e9riodes prolong\u00e9es (heures, jours, semaines).<\/li>\n\n\n\n<li><strong>Analyse des Points Chauds et Alignement d\u2019Antenne<\/strong>&nbsp;: Utilisez la fonction&nbsp;<strong>liveSCAN<\/strong>&nbsp;pour d\u00e9terminer les points chauds du r\u00e9seau et optimiser l\u2019alignement des antennes.<\/li>\n<\/ul>\n","protected":false},"excerpt":{"rendered":"<p>Scanner compact pour tests multi op\u00e9rateurs 2G-5G Solution de test&nbsp;du r\u00e9seau de s\u00e9curit\u00e9 publique Tester, v\u00e9rifier et documenter la couverture des communications critiques Gr\u00e2ce \u00e0 la solution de test r\u00e9seau automatis\u00e9e de PCTEL, vous pouvez garantir la couverture des communications \u00e0 l&rsquo;int\u00e9rieur des b\u00e2timents tout en \u00e9conomisant du temps et de l&rsquo;argent. Testez simultan\u00e9ment plusieurs&hellip;&nbsp;<a href=\"https:\/\/wd4u.fr\/?page_id=969\" rel=\"bookmark\">Lire la suite &raquo;<span class=\"screen-reader-text\">Nos Solutions 5G<\/span><\/a><\/p>\n","protected":false},"author":2,"featured_media":0,"parent":0,"menu_order":0,"comment_status":"closed","ping_status":"closed","template":"","meta":{"neve_meta_sidebar":"","neve_meta_container":"","neve_meta_enable_content_width":"","neve_meta_content_width":0,"neve_meta_title_alignment":"","neve_meta_author_avatar":"","neve_post_elements_order":"","neve_meta_disable_header":"","neve_meta_disable_footer":"","neve_meta_disable_title":"","footnotes":""},"class_list":["post-969","page","type-page","status-publish","hentry"],"_links":{"self":[{"href":"https:\/\/wd4u.fr\/index.php?rest_route=\/wp\/v2\/pages\/969","targetHints":{"allow":["GET"]}}],"collection":[{"href":"https:\/\/wd4u.fr\/index.php?rest_route=\/wp\/v2\/pages"}],"about":[{"href":"https:\/\/wd4u.fr\/index.php?rest_route=\/wp\/v2\/types\/page"}],"author":[{"embeddable":true,"href":"https:\/\/wd4u.fr\/index.php?rest_route=\/wp\/v2\/users\/2"}],"replies":[{"embeddable":true,"href":"https:\/\/wd4u.fr\/index.php?rest_route=%2Fwp%2Fv2%2Fcomments&post=969"}],"version-history":[{"count":2,"href":"https:\/\/wd4u.fr\/index.php?rest_route=\/wp\/v2\/pages\/969\/revisions"}],"predecessor-version":[{"id":990,"href":"https:\/\/wd4u.fr\/index.php?rest_route=\/wp\/v2\/pages\/969\/revisions\/990"}],"wp:attachment":[{"href":"https:\/\/wd4u.fr\/index.php?rest_route=%2Fwp%2Fv2%2Fmedia&parent=969"}],"curies":[{"name":"wp","href":"https:\/\/api.w.org\/{rel}","templated":true}]}}